{"id":12,"date":"2023-04-04T18:11:13","date_gmt":"2023-04-04T18:11:13","guid":{"rendered":"https:\/\/www.grawerniak.pl\/?page_id=12"},"modified":"2024-01-28T21:15:06","modified_gmt":"2024-01-28T21:15:06","slug":"strona-glowna","status":"publish","type":"page","link":"https:\/\/www.grawerniak.pl\/","title":{"rendered":"Strona g\u0142\u00f3wna"},"content":{"rendered":"\n<p><\/p>\n\n\n\n<p><\/p>\n\n\n\n<p><\/p>\n\n\n\n<div class=\"wp-block-columns is-layout-flex wp-container-core-columns-layout-1 wp-block-columns-is-layout-flex\">\n<div class=\"wp-block-column is-layout-flow wp-block-column-is-layout-flow\" style=\"flex-basis:33.33%\">\n<\/div>\n<\/div>\n\n\n\n<p><\/p>\n\n\n\n<p><\/p>\n\n\n\n<h2 class=\"wp-block-heading\" id=\"aboutus\"><strong><em>Grawerownia<\/em><\/strong> &#8211; to nasza pasja, hobby i styl \u017cycia \ud83d\ude09<\/h2>\n\n\n\n<div class=\"wp-block-columns is-layout-flex wp-container-core-columns-layout-2 wp-block-columns-is-layout-flex\">\n<div class=\"wp-block-column is-layout-flow wp-block-column-is-layout-flow\" style=\"flex-basis:33.33%\">\n<h1 class=\"wp-block-heading has-text-align-center\"><em>&#8222;Osi\u0105gn\u0105\u0142e\u015b sukces<br>w swojej dziedzinie,<br>gdy nie wiesz,<br>czy to, co robisz,<br>to praca<br>czy zabawa.&#8221;<\/em><\/h1>\n\n\n\n<h4 class=\"wp-block-heading\"><br><em>Warren Beatty<\/em><\/h4>\n\n\n\n<figure class=\"wp-block-image size-full\"><img loading=\"lazy\" decoding=\"async\" width=\"396\" height=\"396\" src=\"https:\/\/www.grawerniak.pl\/wp-content\/uploads\/2024\/01\/wstawka.png\" alt=\"\" class=\"wp-image-488\" srcset=\"https:\/\/www.grawerniak.pl\/wp-content\/uploads\/2024\/01\/wstawka.png 396w, https:\/\/www.grawerniak.pl\/wp-content\/uploads\/2024\/01\/wstawka-300x300.png 300w, https:\/\/www.grawerniak.pl\/wp-content\/uploads\/2024\/01\/wstawka-150x150.png 150w\" sizes=\"(max-width: 396px) 100vw, 396px\" \/><\/figure>\n<\/div>\n\n\n\n<div class=\"wp-block-column is-layout-flow wp-block-column-is-layout-flow\" style=\"flex-basis:66.66%\">\n<p>Tak jak w prezentowanym cytacie, to co robimy, sprawia nam wiele frajdy i jest to dla nas dobra zabawa.<br><br>Posiadamy wieloletnie do\u015bwiadczenie w projektowaniu graficznym, ka\u017cdy realizowany projekt, jest dla nas nowym wyzwaniem kt\u00f3re sprawia nam przyjemno\u015b\u0107.<br><br>Wieloletnie do\u015bwiadczenie w po\u0142\u0105czeniu z pasj\u0105 pozwoli\u0142o nam stworzy\u0107 w\u0142a\u015bnie to miejsce &#8211; <strong>GRAWEROWNI\u0118<\/strong>. Miejsce w kt\u00f3rym mo\u017cemy odda\u0107 si\u0119 wodz\u0105 fantazji, wyobra\u017ani i hobby. To wszystko pozwala nam tworzy\u0107 dla Was z pasj\u0105 personalizowane upominki i gad\u017cety reklamowe jak r\u00f3wnie\u017c u\u017cytkowe r\u0119kodzie\u0142a.<br><br>Poniewa\u017c posiadamy bogaty park maszynowy mo\u017cemy realizowa\u0107 r\u00f3\u017cnego rodzaju projekty. Pasjonujemy si\u0119 wykonywaniem r\u0119kodzielniczych drewnianych upomink\u00f3w jak i rzeczy u\u017cytkowych takich jak taborety ze stali i drewna czy stolik\u00f3w kawowych.<br><br>Swoj\u0105 przygod\u0119 z maszynami CNC zaczynali\u015bmy bardzo dawno temu od lasera, sw\u00f3j laser zbudowali\u015bmy sami, dzi\u0119ki czemu znamy swoje maszyny od podszewki i nie s\u0105 one nam straszne, doskonale wiemy na co mo\u017cemy sobie pozwoli\u0107 co r\u00f3wnie\u017c przek\u0142ada si\u0119 na realn\u0105 ocen\u0119 mocy przerobowych, nie obiecujemy niestworzonych rzeczy tylko te kt\u00f3re jeste\u015bmy w stanie realnie wykona\u0107. Potwierdzi to nasze bogate portfolio kt\u00f3re ca\u0142y czas uaktualniamy i powi\u0119kszamy jak r\u00f3wnie\u017c pozytywna opinia naszych zadowolonych klient\u00f3w.<br><br>Je\u015bli s\u0105 Pa\u0144stwo zainteresowany podj\u0119ciem wsp\u00f3\u0142pracy, zapraszamy do <a href=\"#kontakt\" data-type=\"internal\" data-id=\"#kontakt\">kontaktu<\/a><\/p>\n\n\n\n<p>Nasza pracownia laserowa i CNC dzia\u0142a na terenie Ole\u015bnicy ale \u015bwiadczymy r\u00f3wnie\u017c us\u0142ugi z wysy\u0142k\u0105, wi\u0119c je\u015bli s\u0105 Pa\u0144stwo z innej miejscowo\u015bci nie stanowi to najmniejszego problemu aby wys\u0142a\u0107 do Pa\u0144stwa zam\u00f3wiony przedmiot. <\/p>\n<\/div>\n<\/div>\n\n\n\n<p><\/p>\n\n\n\n<h2 class=\"wp-block-heading\" id=\"focus\"><strong><em>Zakres Us\u0142ug<\/em><\/strong> &#8211; to mo\u017cemy zaoferowa\u0107<\/h2>\n\n\n\n<p>Zapraszamy do zapoznania si\u0119 z naszymi mo\u017cliwo\u015bciami. Poniewa\u017c posiadamy spory park maszynowy i sprz\u0119towy mo\u017cemy zaproponowa\u0107 Pa\u0144stwu szereg us\u0142ug wykonywanych na naszych ploterach laserowych, frezarce CNC jak i wiele innych. <\/p>\n\n\n\n<p>Opr\u00f3cz samego wykonawstwa prac z postaci namacalnej jeste\u015bmy w stanie podj\u0105\u0107 si\u0119 projektowania gad\u017cet\u00f3w i grafiki u\u017cytkowej specjalnie pod Pa\u0144stwa personalizacj\u0119.<\/p>\n\n\n\n<div class=\"wp-block-group is-layout-constrained wp-block-group-is-layout-constrained\"><div class=\"wp-block-group__inner-container\">\n<figure class=\"wp-block-table is-style-regular has-small-font-size\"><table class=\"has-white-color has-white-background-color has-text-color has-background has-link-color has-fixed-layout\"><tbody><tr><td><img decoding=\"async\" src=\"https:\/\/www.grawerniak.pl\/wp-content\/uploads\/2024\/01\/GL.png\" alt=\"\"><\/td><td><img decoding=\"async\" src=\"https:\/\/www.grawerniak.pl\/wp-content\/uploads\/2024\/01\/fr.png\" alt=\"\"><\/td><td><img decoding=\"async\" src=\"https:\/\/www.grawerniak.pl\/wp-content\/uploads\/2024\/01\/sp.png\" alt=\"\"><\/td><td><img decoding=\"async\" src=\"https:\/\/www.grawerniak.pl\/wp-content\/uploads\/2024\/01\/PG.png\" alt=\"\"><\/td><\/tr><\/tbody><\/table><\/figure>\n<\/div><\/div>\n\n\n\n<h2 class=\"wp-block-heading\" id=\"aboutus\">Zaufali nam mi\u0119dzy innymi:<\/h2>\n\n\n\n<div class=\"wp-block-columns is-layout-flex wp-container-core-columns-layout-3 wp-block-columns-is-layout-flex\">\n<div class=\"wp-block-column is-layout-flow wp-block-column-is-layout-flow\" style=\"flex-basis:100%\">\n<figure class=\"wp-block-table\"><table class=\"has-white-color has-text-color has-link-color has-fixed-layout\"><tbody><tr><td><img decoding=\"async\" src=\"https:\/\/www.grawerniak.pl\/wp-content\/uploads\/2024\/01\/COBLOGO.jpg\" alt=\"\"><\/td><td><img decoding=\"async\" src=\"https:\/\/www.grawerniak.pl\/wp-content\/uploads\/2023\/04\/las.png\" alt=\"\"><\/td><td><img decoding=\"async\" src=\"https:\/\/www.grawerniak.pl\/wp-content\/uploads\/2024\/01\/oca.png\" alt=\"\"><\/td><td><img decoding=\"async\" src=\"https:\/\/www.grawerniak.pl\/wp-content\/uploads\/2024\/01\/gkn.png\" alt=\"\"><\/td><td><img decoding=\"async\" src=\"https:\/\/www.grawerniak.pl\/wp-content\/uploads\/2024\/01\/TB.jpg\" alt=\"\"><\/td><td><img decoding=\"async\" src=\"https:\/\/www.grawerniak.pl\/wp-content\/uploads\/2024\/01\/KBLUP.jpg\" alt=\"\"><\/td><\/tr><tr><td><img decoding=\"async\" src=\"https:\/\/www.grawerniak.pl\/wp-content\/uploads\/2024\/01\/OHP.jpg\" alt=\"\"><\/td><td><img decoding=\"async\" src=\"https:\/\/www.grawerniak.pl\/wp-content\/uploads\/2024\/01\/KRMAT.jpg\" alt=\"\"><\/td><td><img decoding=\"async\" src=\"https:\/\/www.grawerniak.pl\/wp-content\/uploads\/2024\/01\/ISASKAUT.jpg\" alt=\"\"><\/td><td><img decoding=\"async\" src=\"https:\/\/www.grawerniak.pl\/wp-content\/uploads\/2024\/01\/FTJ.jpg\" alt=\"\"><\/td><td><img decoding=\"async\" src=\"https:\/\/www.grawerniak.pl\/wp-content\/uploads\/2024\/01\/PRL-1024x760.jpg\" alt=\"\"><\/td><td><img decoding=\"async\" src=\"https:\/\/www.grawerniak.pl\/wp-content\/uploads\/2024\/01\/PERS.png\" alt=\"\"><\/td><\/tr><\/tbody><\/table><\/figure>\n<\/div>\n<\/div>\n\n\n\n<h2 class=\"wp-block-heading\" id=\"team\"><strong><em>Nasze realizacje<\/em><\/strong> &#8211; kilka kategorii naszych prac<\/h2>\n\n\n\n<figure class=\"wp-block-table\"><table class=\"has-white-color has-text-color has-link-color has-fixed-layout\"><tbody><tr><td><a href=\"https:\/\/www.grawerniak.pl\/index.php\/medale\/\" data-type=\"page\" data-id=\"142\"><img decoding=\"async\" src=\"https:\/\/www.grawerniak.pl\/wp-content\/uploads\/2024\/01\/M1.png\" alt=\"\"><\/a><\/td><td><a href=\"https:\/\/www.grawerniak.pl\/index.php\/statuetki-podziekowania\/\" data-type=\"page\" data-id=\"185\"><img decoding=\"async\" src=\"https:\/\/www.grawerniak.pl\/wp-content\/uploads\/2024\/01\/ST.png\" alt=\"\"><\/a><\/td><td><a href=\"https:\/\/www.grawerniak.pl\/index.php\/zaproszenia-kartki\/\" data-type=\"page\" data-id=\"189\"><img decoding=\"async\" src=\"https:\/\/www.grawerniak.pl\/wp-content\/uploads\/2024\/01\/ZA.png\" alt=\"\"><\/a><\/td><\/tr><tr><td><a href=\"https:\/\/www.grawerniak.pl\/index.php\/upominki\/\" data-type=\"page\" data-id=\"191\"><img decoding=\"async\" src=\"https:\/\/www.grawerniak.pl\/wp-content\/uploads\/2024\/01\/UP.png\" alt=\"\"><\/a><\/td><td><a href=\"https:\/\/www.grawerniak.pl\/index.php\/ozdoby-swiateczne\/\" data-type=\"page\" data-id=\"187\"><img decoding=\"async\" src=\"https:\/\/www.grawerniak.pl\/wp-content\/uploads\/2024\/01\/OZD.png\" alt=\"\"><\/a><\/td><td><a href=\"https:\/\/www.grawerniak.pl\/index.php\/pozostale-realizacje\/\" data-type=\"page\" data-id=\"332\"><img decoding=\"async\" src=\"https:\/\/www.grawerniak.pl\/wp-content\/uploads\/2024\/01\/POZ.png\" alt=\"\"><\/a><\/td><\/tr><\/tbody><\/table><\/figure>\n\n\n\n<h2 class=\"wp-block-heading\" id=\"kontakt\"><strong><em>Kontakt<\/em><\/strong> &#8211; masz pytania ? pisz \u015bmia\u0142o !<\/h2>\n\n\n\n<div class=\"wp-block-columns is-layout-flex wp-container-core-columns-layout-4 wp-block-columns-is-layout-flex\">\n<div class=\"wp-block-column is-layout-flow wp-block-column-is-layout-flow\">\n<p>&nbsp;<\/p>\n<p>Je\u015bli s\u0105 Pa\u0144stwo zainteresowani wsp\u00f3\u0142prac\u0105, b\u0105d\u017a maj\u0105 indywidualne pytania, zapraszamy do kontaktu.<\/p>\n<p>Odpowiemy najszybciej jak to mo\u017cliwe.&nbsp;<\/p>\n<p><em><strong>Nasz adres mailowy: <\/strong><\/em>info@grawernik.pl<\/p>\n<p>Zach\u0119camy do skorzystania z formularza kontaktowego, przyspieszy to z pewno\u015bci\u0105 odpisanie na Pa\u0144stwa wiadomo\u015b\u0107.<\/p>\n<p><img loading=\"lazy\" decoding=\"async\" class=\"alignnone  wp-image-527\" src=\"https:\/\/www.grawerniak.pl\/wp-content\/uploads\/2024\/01\/22-300x300.png\" alt=\"\" width=\"278\" height=\"282\"><\/p>\n<\/div>\n\n\n\n<div class=\"wp-block-column is-layout-flow wp-block-column-is-layout-flow\"><style id=\"wpforms-css-vars-root\">\n\t\t\t\t:root {\n\t\t\t\t\t--wpforms-field-border-radius: 3px;\n--wpforms-field-background-color: #ffffff;\n--wpforms-field-border-color: rgba( 0, 0, 0, 0.25 );\n--wpforms-field-text-color: rgba( 0, 0, 0, 0.7 );\n--wpforms-label-color: rgba( 0, 0, 0, 0.85 );\n--wpforms-label-sublabel-color: rgba( 0, 0, 0, 0.55 );\n--wpforms-label-error-color: #d63637;\n--wpforms-button-border-radius: 3px;\n--wpforms-button-background-color: #066aab;\n--wpforms-button-text-color: #ffffff;\n--wpforms-field-size-input-height: 43px;\n--wpforms-field-size-input-spacing: 15px;\n--wpforms-field-size-font-size: 16px;\n--wpforms-field-size-line-height: 19px;\n--wpforms-field-size-padding-h: 14px;\n--wpforms-field-size-checkbox-size: 16px;\n--wpforms-field-size-sublabel-spacing: 5px;\n--wpforms-field-size-icon-size: 1;\n--wpforms-label-size-font-size: 16px;\n--wpforms-label-size-line-height: 19px;\n--wpforms-label-size-sublabel-font-size: 14px;\n--wpforms-label-size-sublabel-line-height: 17px;\n--wpforms-button-size-font-size: 17px;\n--wpforms-button-size-height: 41px;\n--wpforms-button-size-padding-h: 15px;\n--wpforms-button-size-margin-top: 10px;\n\n\t\t\t\t}\n\t\t\t<\/style><div class=\"wpforms-container wpforms-container-full wpforms-block wpforms-block-b94ef4e6-ccf8-414f-a909-94a02275fdd7 wpforms-render-modern\" id=\"wpforms-117\"><form id=\"wpforms-form-117\" class=\"wpforms-validate wpforms-form wpforms-ajax-form\" data-formid=\"117\" method=\"post\" enctype=\"multipart\/form-data\" action=\"\/index.php\/wp-json\/wp\/v2\/pages\/12\" data-token=\"6cef9d09fbf590771525f6e2ccf8e9eb\"><noscript class=\"wpforms-error-noscript\">Aby wype\u0142ni\u0107 ten formularz, w\u0142\u0105cz obs\u0142ug\u0119 JavaScript w przegl\u0105darce.<\/noscript><div class=\"wpforms-hidden\" id=\"wpforms-error-noscript\">Aby wype\u0142ni\u0107 ten formularz, w\u0142\u0105cz obs\u0142ug\u0119 JavaScript w przegl\u0105darce.<\/div><div class=\"wpforms-field-container\"><div id=\"wpforms-117-field_0-container\" class=\"wpforms-field wpforms-field-name\" data-field-id=\"0\"><fieldset><legend class=\"wpforms-field-label\">Imi\u0119 i nazwisko <span class=\"wpforms-required-label\" aria-hidden=\"true\">*<\/span><\/legend><div class=\"wpforms-field-row wpforms-field-medium\"><div class=\"wpforms-field-row-block wpforms-first wpforms-one-half\"><input type=\"text\" id=\"wpforms-117-field_0\" class=\"wpforms-field-name-first wpforms-field-required\" name=\"wpforms[fields][0][first]\" aria-errormessage=\"wpforms-117-field_0-error\" required><label for=\"wpforms-117-field_0\" class=\"wpforms-field-sublabel after \">Imi\u0119<\/label><\/div><div class=\"wpforms-field-row-block wpforms-one-half\"><input type=\"text\" id=\"wpforms-117-field_0-last\" class=\"wpforms-field-name-last wpforms-field-required\" name=\"wpforms[fields][0][last]\" aria-errormessage=\"wpforms-117-field_0-last-error\" required><label for=\"wpforms-117-field_0-last\" class=\"wpforms-field-sublabel after \">Nazwisko<\/label><\/div><\/div><\/fieldset><\/div><div id=\"wpforms-117-field_1-container\" class=\"wpforms-field wpforms-field-email\" data-field-id=\"1\"><label class=\"wpforms-field-label\" for=\"wpforms-117-field_1\">E-mail <span class=\"wpforms-required-label\" aria-hidden=\"true\">*<\/span><\/label><input type=\"email\" id=\"wpforms-117-field_1\" class=\"wpforms-field-medium wpforms-field-required\" name=\"wpforms[fields][1]\" spellcheck=\"false\" aria-errormessage=\"wpforms-117-field_1-error\" required><\/div><div id=\"wpforms-117-field_2-container\" class=\"wpforms-field wpforms-field-textarea\" data-field-id=\"2\"><label class=\"wpforms-field-label\" for=\"wpforms-117-field_2\">Tre\u015b\u0107 wiadomo\u015bci <span class=\"wpforms-required-label\" aria-hidden=\"true\">*<\/span><\/label><textarea id=\"wpforms-117-field_2\" class=\"wpforms-field-small wpforms-field-required\" name=\"wpforms[fields][2]\" aria-errormessage=\"wpforms-117-field_2-error\" required><\/textarea><\/div><\/div><!-- .wpforms-field-container --><div class=\"wpforms-submit-container\" ><input type=\"hidden\" name=\"wpforms[id]\" value=\"117\"><input type=\"hidden\" name=\"wpforms[author]\" value=\"1\"><button type=\"submit\" name=\"wpforms[submit]\" id=\"wpforms-submit-117\" class=\"wpforms-submit\" data-alt-text=\"Wysy\u0142anie...\" data-submit-text=\"Prze\u015blij\" aria-live=\"assertive\" value=\"wpforms-submit\">Prze\u015blij<\/button><img loading=\"lazy\" decoding=\"async\" src=\"https:\/\/www.grawerniak.pl\/wp-content\/plugins\/wpforms-lite\/assets\/images\/submit-spin.svg\" class=\"wpforms-submit-spinner\" style=\"display: none;\" width=\"26\" height=\"26\" alt=\"Wczytywanie\"><\/div><\/form><\/div>  <!-- .wpforms-container --><\/div>\n<\/div>\n","protected":false},"excerpt":{"rendered":"<p>Grawerownia &#8211; to nasza pasja, hobby i styl \u017cycia \ud83d\ude09 &#8222;Osi\u0105gn\u0105\u0142e\u015b sukcesw swojej dziedzinie,gdy nie wiesz,czy to, co robisz,to pracaczy zabawa.&#8221; Warren Beatty Tak jak w prezentowanym cytacie, to co robimy, sprawia nam wiele frajdy i jest to dla nas dobra zabawa. Posiadamy wieloletnie do\u015bwiadczenie w projektowaniu graficznym, ka\u017cdy realizowany projekt, jest dla nas nowym wyzwaniem kt\u00f3re sprawia nam przyjemno\u015b\u0107. Wieloletnie do\u015bwiadczenie w po\u0142\u0105czeniu z pasj\u0105 pozwoli\u0142o nam stworzy\u0107 w\u0142a\u015bnie to miejsce &#8211; GRAWEROWNI\u0118. Miejsce w kt\u00f3rym mo\u017cemy odda\u0107 si\u0119 wodz\u0105 fantazji, wyobra\u017ani i hobby. To wszystko pozwala nam tworzy\u0107 dla Was z pasj\u0105 personalizowane upominki i gad\u017cety reklamowe jak r\u00f3wnie\u017c u\u017cytkowe r\u0119kodzie\u0142a. Poniewa\u017c posiadamy bogaty park maszynowy mo\u017cemy realizowa\u0107 r\u00f3\u017cnego rodzaju projekty. Pasjonujemy si\u0119 wykonywaniem r\u0119kodzielniczych drewnianych upomink\u00f3w jak i rzeczy u\u017cytkowych takich jak taborety ze stali i drewna czy stolik\u00f3w kawowych. Swoj\u0105 przygod\u0119 z maszynami CNC zaczynali\u015bmy bardzo dawno temu od lasera, sw\u00f3j laser zbudowali\u015bmy sami, dzi\u0119ki czemu&hellip;<\/p>\n<p> <a class=\"more-link\" href=\"https:\/\/www.grawerniak.pl\/\">Dowiedz si\u0119 wi\u0119cej<\/a><\/p>\n","protected":false},"author":1,"featured_media":0,"parent":0,"menu_order":0,"comment_status":"closed","ping_status":"closed","template":"","meta":{"ngg_post_thumbnail":0,"footnotes":""},"_links":{"self":[{"href":"https:\/\/www.grawerniak.pl\/index.php\/wp-json\/wp\/v2\/pages\/12"}],"collection":[{"href":"https:\/\/www.grawerniak.pl\/index.php\/wp-json\/wp\/v2\/pages"}],"about":[{"href":"https:\/\/www.grawerniak.pl\/index.php\/wp-json\/wp\/v2\/types\/page"}],"author":[{"embeddable":true,"href":"https:\/\/www.grawerniak.pl\/index.php\/wp-json\/wp\/v2\/users\/1"}],"replies":[{"embeddable":true,"href":"https:\/\/www.grawerniak.pl\/index.php\/wp-json\/wp\/v2\/comments?post=12"}],"version-history":[{"count":97,"href":"https:\/\/www.grawerniak.pl\/index.php\/wp-json\/wp\/v2\/pages\/12\/revisions"}],"predecessor-version":[{"id":631,"href":"https:\/\/www.grawerniak.pl\/index.php\/wp-json\/wp\/v2\/pages\/12\/revisions\/631"}],"wp:attachment":[{"href":"https:\/\/www.grawerniak.pl\/index.php\/wp-json\/wp\/v2\/media?parent=12"}],"curies":[{"name":"wp","href":"https:\/\/api.w.org\/{rel}","templated":true}]}}