{"id":142,"date":"2023-04-09T19:44:34","date_gmt":"2023-04-09T19:44:34","guid":{"rendered":"https:\/\/www.grawerniak.pl\/?page_id=142"},"modified":"2023-04-09T19:50:32","modified_gmt":"2023-04-09T19:50:32","slug":"medale","status":"publish","type":"page","link":"https:\/\/www.grawerniak.pl\/index.php\/medale\/","title":{"rendered":"Medale"},"content":{"rendered":"\n<!-- default-view.php -->\n<div\n\tclass=\"ngg-galleryoverview default-view \n\t\t\"\n\tid=\"ngg-gallery-acf23ada328e8923b5ffbaa6a3f05831-1\">\n\n\t\t<!-- Thumbnails -->\n\t\t\t\t<div id=\"ngg-image-0\" class=\"ngg-gallery-thumbnail-box \n\t\t\t\t\t\t\t\t\t\t\t\" \n\t\t\t>\n\t\t\t\t\t\t<div class=\"ngg-gallery-thumbnail\">\n\t\t\t<a href=\"https:\/\/www.grawerniak.pl\/wp-content\/gallery\/medale\/IMG_8514.jpg\"\n\t\t\t\ttitle=\"Charytatywny Bieg z Sercem \"\n\t\t\t\tdata-src=\"https:\/\/www.grawerniak.pl\/wp-content\/gallery\/medale\/IMG_8514.jpg\"\n\t\t\t\tdata-thumbnail=\"https:\/\/www.grawerniak.pl\/wp-content\/gallery\/medale\/thumbs\/thumbs_IMG_8514.jpg\"\n\t\t\t\tdata-image-id=\"162\"\n\t\t\t\tdata-title=\"Medal - Charytatywny Bieg z Sercem \"\n\t\t\t\tdata-description=\"Charytatywny Bieg z Sercem \"\n\t\t\t\tdata-image-slug=\"img_8514\"\n\t\t\t\tclass=\"ngg-simplelightbox\" rel=\"acf23ada328e8923b5ffbaa6a3f05831\">\n\t\t\t\t<img\n\t\t\t\t\ttitle=\"Medal - Charytatywny Bieg z Sercem \"\n\t\t\t\t\talt=\"Medal - Charytatywny Bieg z Sercem \"\n\t\t\t\t\tsrc=\"https:\/\/www.grawerniak.pl\/wp-content\/gallery\/medale\/thumbs\/thumbs_IMG_8514.jpg\"\n\t\t\t\t\twidth=\"240\"\n\t\t\t\t\theight=\"160\"\n\t\t\t\t\tstyle=\"max-width:100%;\"\n\t\t\t\t\/>\n\t\t\t<\/a>\n\t\t<\/div>\n\t\t\t\t\t\t\t<\/div> \n\t\t\t\n\t\t\t\t<div id=\"ngg-image-1\" class=\"ngg-gallery-thumbnail-box \n\t\t\t\t\t\t\t\t\t\t\t\" \n\t\t\t>\n\t\t\t\t\t\t<div class=\"ngg-gallery-thumbnail\">\n\t\t\t<a href=\"https:\/\/www.grawerniak.pl\/wp-content\/gallery\/medale\/IMG_8150.jpg\"\n\t\t\t\ttitle=\"Ole\u015bnicki bieg karnawa\u0142owy WO\u015aP\"\n\t\t\t\tdata-src=\"https:\/\/www.grawerniak.pl\/wp-content\/gallery\/medale\/IMG_8150.jpg\"\n\t\t\t\tdata-thumbnail=\"https:\/\/www.grawerniak.pl\/wp-content\/gallery\/medale\/thumbs\/thumbs_IMG_8150.jpg\"\n\t\t\t\tdata-image-id=\"143\"\n\t\t\t\tdata-title=\"Ole\u015bnicki bieg karnawa\u0142owy WO\u015aP\"\n\t\t\t\tdata-description=\"Ole\u015bnicki bieg karnawa\u0142owy WO\u015aP\"\n\t\t\t\tdata-image-slug=\"img_8150\"\n\t\t\t\tclass=\"ngg-simplelightbox\" rel=\"acf23ada328e8923b5ffbaa6a3f05831\">\n\t\t\t\t<img\n\t\t\t\t\ttitle=\"Ole\u015bnicki bieg karnawa\u0142owy WO\u015aP\"\n\t\t\t\t\talt=\"Ole\u015bnicki bieg karnawa\u0142owy WO\u015aP\"\n\t\t\t\t\tsrc=\"https:\/\/www.grawerniak.pl\/wp-content\/gallery\/medale\/thumbs\/thumbs_IMG_8150.jpg\"\n\t\t\t\t\twidth=\"240\"\n\t\t\t\t\theight=\"160\"\n\t\t\t\t\tstyle=\"max-width:100%;\"\n\t\t\t\t\/>\n\t\t\t<\/a>\n\t\t<\/div>\n\t\t\t\t\t\t\t<\/div> \n\t\t\t\n\t\t\t\t<div id=\"ngg-image-2\" class=\"ngg-gallery-thumbnail-box \n\t\t\t\t\t\t\t\t\t\t\t\" \n\t\t\t>\n\t\t\t\t\t\t<div class=\"ngg-gallery-thumbnail\">\n\t\t\t<a href=\"https:\/\/www.grawerniak.pl\/wp-content\/gallery\/medale\/IMG_7361.jpg\"\n\t\t\t\ttitle=\"Bieg Miko\u0142ajkowy OHP Ole\u015bnica\"\n\t\t\t\tdata-src=\"https:\/\/www.grawerniak.pl\/wp-content\/gallery\/medale\/IMG_7361.jpg\"\n\t\t\t\tdata-thumbnail=\"https:\/\/www.grawerniak.pl\/wp-content\/gallery\/medale\/thumbs\/thumbs_IMG_7361.jpg\"\n\t\t\t\tdata-image-id=\"144\"\n\t\t\t\tdata-title=\"Bieg Miko\u0142ajkowy OHP Ole\u015bnica\"\n\t\t\t\tdata-description=\"Bieg Miko\u0142ajkowy OHP Ole\u015bnica\"\n\t\t\t\tdata-image-slug=\"img_7361\"\n\t\t\t\tclass=\"ngg-simplelightbox\" rel=\"acf23ada328e8923b5ffbaa6a3f05831\">\n\t\t\t\t<img\n\t\t\t\t\ttitle=\"Bieg Miko\u0142ajkowy OHP Ole\u015bnica\"\n\t\t\t\t\talt=\"Bieg Miko\u0142ajkowy OHP Ole\u015bnica\"\n\t\t\t\t\tsrc=\"https:\/\/www.grawerniak.pl\/wp-content\/gallery\/medale\/thumbs\/thumbs_IMG_7361.jpg\"\n\t\t\t\t\twidth=\"240\"\n\t\t\t\t\theight=\"160\"\n\t\t\t\t\tstyle=\"max-width:100%;\"\n\t\t\t\t\/>\n\t\t\t<\/a>\n\t\t<\/div>\n\t\t\t\t\t\t\t<\/div> \n\t\t\t\n\t\t\t\t<div id=\"ngg-image-3\" class=\"ngg-gallery-thumbnail-box \n\t\t\t\t\t\t\t\t\t\t\t\" \n\t\t\t>\n\t\t\t\t\t\t<div class=\"ngg-gallery-thumbnail\">\n\t\t\t<a href=\"https:\/\/www.grawerniak.pl\/wp-content\/gallery\/medale\/IMG_6253.jpg\"\n\t\t\t\ttitle=\"Medal z okazji Jesiennych bieg\u00f3w prze\u0142ajowych Wszech\u015bwi\u0119te\"\n\t\t\t\tdata-src=\"https:\/\/www.grawerniak.pl\/wp-content\/gallery\/medale\/IMG_6253.jpg\"\n\t\t\t\tdata-thumbnail=\"https:\/\/www.grawerniak.pl\/wp-content\/gallery\/medale\/thumbs\/thumbs_IMG_6253.jpg\"\n\t\t\t\tdata-image-id=\"158\"\n\t\t\t\tdata-title=\"Medal z okazji Jesiennych bieg\u00f3w prze\u0142ajowych Wszech\u015bwi\u0119te\"\n\t\t\t\tdata-description=\"Medal z okazji Jesiennych bieg\u00f3w prze\u0142ajowych Wszech\u015bwi\u0119te\"\n\t\t\t\tdata-image-slug=\"img_6253\"\n\t\t\t\tclass=\"ngg-simplelightbox\" rel=\"acf23ada328e8923b5ffbaa6a3f05831\">\n\t\t\t\t<img\n\t\t\t\t\ttitle=\"Medal z okazji Jesiennych bieg\u00f3w prze\u0142ajowych Wszech\u015bwi\u0119te\"\n\t\t\t\t\talt=\"Medal z okazji Jesiennych bieg\u00f3w prze\u0142ajowych Wszech\u015bwi\u0119te\"\n\t\t\t\t\tsrc=\"https:\/\/www.grawerniak.pl\/wp-content\/gallery\/medale\/thumbs\/thumbs_IMG_6253.jpg\"\n\t\t\t\t\twidth=\"240\"\n\t\t\t\t\theight=\"160\"\n\t\t\t\t\tstyle=\"max-width:100%;\"\n\t\t\t\t\/>\n\t\t\t<\/a>\n\t\t<\/div>\n\t\t\t\t\t\t\t<\/div> \n\t\t\t\n\t\t\t\t<div id=\"ngg-image-4\" class=\"ngg-gallery-thumbnail-box \n\t\t\t\t\t\t\t\t\t\t\t\" \n\t\t\t>\n\t\t\t\t\t\t<div class=\"ngg-gallery-thumbnail\">\n\t\t\t<a href=\"https:\/\/www.grawerniak.pl\/wp-content\/gallery\/medale\/IMG_4399.jpg\"\n\t\t\t\ttitle=\"Medal z okazji zako\u0144czenia roku przedszkolnego\"\n\t\t\t\tdata-src=\"https:\/\/www.grawerniak.pl\/wp-content\/gallery\/medale\/IMG_4399.jpg\"\n\t\t\t\tdata-thumbnail=\"https:\/\/www.grawerniak.pl\/wp-content\/gallery\/medale\/thumbs\/thumbs_IMG_4399.jpg\"\n\t\t\t\tdata-image-id=\"142\"\n\t\t\t\tdata-title=\"Medal z okazji zako\u0144czenia roku przedszkolnego\"\n\t\t\t\tdata-description=\"Medal z okazji zako\u0144czenia roku przedszkolnego\"\n\t\t\t\tdata-image-slug=\"img_4399\"\n\t\t\t\tclass=\"ngg-simplelightbox\" rel=\"acf23ada328e8923b5ffbaa6a3f05831\">\n\t\t\t\t<img\n\t\t\t\t\ttitle=\"Medal z okazji zako\u0144czenia roku przedszkolnego\"\n\t\t\t\t\talt=\"Medal z okazji zako\u0144czenia roku przedszkolnego\"\n\t\t\t\t\tsrc=\"https:\/\/www.grawerniak.pl\/wp-content\/gallery\/medale\/thumbs\/thumbs_IMG_4399.jpg\"\n\t\t\t\t\twidth=\"240\"\n\t\t\t\t\theight=\"160\"\n\t\t\t\t\tstyle=\"max-width:100%;\"\n\t\t\t\t\/>\n\t\t\t<\/a>\n\t\t<\/div>\n\t\t\t\t\t\t\t<\/div> \n\t\t\t\n\t\t\t\t<div id=\"ngg-image-5\" class=\"ngg-gallery-thumbnail-box \n\t\t\t\t\t\t\t\t\t\t\t\" \n\t\t\t>\n\t\t\t\t\t\t<div class=\"ngg-gallery-thumbnail\">\n\t\t\t<a href=\"https:\/\/www.grawerniak.pl\/wp-content\/gallery\/medale\/IMG_2116-1.jpg\"\n\t\t\t\ttitle=\"IV Ole\u015bnicki Bieg Le\u015bny COB\"\n\t\t\t\tdata-src=\"https:\/\/www.grawerniak.pl\/wp-content\/gallery\/medale\/IMG_2116-1.jpg\"\n\t\t\t\tdata-thumbnail=\"https:\/\/www.grawerniak.pl\/wp-content\/gallery\/medale\/thumbs\/thumbs_IMG_2116-1.jpg\"\n\t\t\t\tdata-image-id=\"138\"\n\t\t\t\tdata-title=\"IV Ole\u015bnicki Bieg Le\u015bny COB\"\n\t\t\t\tdata-description=\"IV Ole\u015bnicki Bieg Le\u015bny COB\"\n\t\t\t\tdata-image-slug=\"img_2116-1\"\n\t\t\t\tclass=\"ngg-simplelightbox\" rel=\"acf23ada328e8923b5ffbaa6a3f05831\">\n\t\t\t\t<img\n\t\t\t\t\ttitle=\"IV Ole\u015bnicki Bieg Le\u015bny COB\"\n\t\t\t\t\talt=\"IV Ole\u015bnicki Bieg Le\u015bny COB\"\n\t\t\t\t\tsrc=\"https:\/\/www.grawerniak.pl\/wp-content\/gallery\/medale\/thumbs\/thumbs_IMG_2116-1.jpg\"\n\t\t\t\t\twidth=\"240\"\n\t\t\t\t\theight=\"160\"\n\t\t\t\t\tstyle=\"max-width:100%;\"\n\t\t\t\t\/>\n\t\t\t<\/a>\n\t\t<\/div>\n\t\t\t\t\t\t\t<\/div> \n\t\t\t\n\t\t\t\t<div id=\"ngg-image-6\" class=\"ngg-gallery-thumbnail-box \n\t\t\t\t\t\t\t\t\t\t\t\" \n\t\t\t>\n\t\t\t\t\t\t<div class=\"ngg-gallery-thumbnail\">\n\t\t\t<a href=\"https:\/\/www.grawerniak.pl\/wp-content\/gallery\/medale\/IMG_2111.JPG\"\n\t\t\t\ttitle=\"IV biegowa droga krzy\u017cowa 2024\"\n\t\t\t\tdata-src=\"https:\/\/www.grawerniak.pl\/wp-content\/gallery\/medale\/IMG_2111.JPG\"\n\t\t\t\tdata-thumbnail=\"https:\/\/www.grawerniak.pl\/wp-content\/gallery\/medale\/thumbs\/thumbs_IMG_2111.JPG\"\n\t\t\t\tdata-image-id=\"139\"\n\t\t\t\tdata-title=\"IV biegowa droga krzy\u017cowa 2024\"\n\t\t\t\tdata-description=\"IV biegowa droga krzy\u017cowa 2024\"\n\t\t\t\tdata-image-slug=\"img_2111\"\n\t\t\t\tclass=\"ngg-simplelightbox\" rel=\"acf23ada328e8923b5ffbaa6a3f05831\">\n\t\t\t\t<img\n\t\t\t\t\ttitle=\"IV biegowa droga krzy\u017cowa 2024\"\n\t\t\t\t\talt=\"IV biegowa droga krzy\u017cowa 2024\"\n\t\t\t\t\tsrc=\"https:\/\/www.grawerniak.pl\/wp-content\/gallery\/medale\/thumbs\/thumbs_IMG_2111.JPG\"\n\t\t\t\t\twidth=\"240\"\n\t\t\t\t\theight=\"160\"\n\t\t\t\t\tstyle=\"max-width:100%;\"\n\t\t\t\t\/>\n\t\t\t<\/a>\n\t\t<\/div>\n\t\t\t\t\t\t\t<\/div> \n\t\t\t\n\t\t\t\t<div id=\"ngg-image-7\" class=\"ngg-gallery-thumbnail-box \n\t\t\t\t\t\t\t\t\t\t\t\" \n\t\t\t>\n\t\t\t\t\t\t<div class=\"ngg-gallery-thumbnail\">\n\t\t\t<a href=\"https:\/\/www.grawerniak.pl\/wp-content\/gallery\/medale\/IMG_2120.jpg\"\n\t\t\t\ttitle=\"Breloki COB\"\n\t\t\t\tdata-src=\"https:\/\/www.grawerniak.pl\/wp-content\/gallery\/medale\/IMG_2120.jpg\"\n\t\t\t\tdata-thumbnail=\"https:\/\/www.grawerniak.pl\/wp-content\/gallery\/medale\/thumbs\/thumbs_IMG_2120.jpg\"\n\t\t\t\tdata-image-id=\"140\"\n\t\t\t\tdata-title=\"Breloki COB\"\n\t\t\t\tdata-description=\"Breloki COB\"\n\t\t\t\tdata-image-slug=\"img_2120\"\n\t\t\t\tclass=\"ngg-simplelightbox\" rel=\"acf23ada328e8923b5ffbaa6a3f05831\">\n\t\t\t\t<img\n\t\t\t\t\ttitle=\"Breloki COB\"\n\t\t\t\t\talt=\"Breloki COB\"\n\t\t\t\t\tsrc=\"https:\/\/www.grawerniak.pl\/wp-content\/gallery\/medale\/thumbs\/thumbs_IMG_2120.jpg\"\n\t\t\t\t\twidth=\"240\"\n\t\t\t\t\theight=\"160\"\n\t\t\t\t\tstyle=\"max-width:100%;\"\n\t\t\t\t\/>\n\t\t\t<\/a>\n\t\t<\/div>\n\t\t\t\t\t\t\t<\/div> \n\t\t\t\n\t\t\t\t<div id=\"ngg-image-8\" class=\"ngg-gallery-thumbnail-box \n\t\t\t\t\t\t\t\t\t\t\t\" \n\t\t\t>\n\t\t\t\t\t\t<div class=\"ngg-gallery-thumbnail\">\n\t\t\t<a href=\"https:\/\/www.grawerniak.pl\/wp-content\/gallery\/medale\/IMG_4349.jpg\"\n\t\t\t\ttitle=\"Medal - III Ole\u015bnicki bieg le\u015bny\"\n\t\t\t\tdata-src=\"https:\/\/www.grawerniak.pl\/wp-content\/gallery\/medale\/IMG_4349.jpg\"\n\t\t\t\tdata-thumbnail=\"https:\/\/www.grawerniak.pl\/wp-content\/gallery\/medale\/thumbs\/thumbs_IMG_4349.jpg\"\n\t\t\t\tdata-image-id=\"10\"\n\t\t\t\tdata-title=\"Medal - III Ole\u015bnicki bieg le\u015bny\"\n\t\t\t\tdata-description=\"Medal - III Ole\u015bnicki bieg le\u015bny\"\n\t\t\t\tdata-image-slug=\"img_4349\"\n\t\t\t\tclass=\"ngg-simplelightbox\" rel=\"acf23ada328e8923b5ffbaa6a3f05831\">\n\t\t\t\t<img\n\t\t\t\t\ttitle=\"Medal - III Ole\u015bnicki bieg le\u015bny\"\n\t\t\t\t\talt=\"Medal - III Ole\u015bnicki bieg le\u015bny\"\n\t\t\t\t\tsrc=\"https:\/\/www.grawerniak.pl\/wp-content\/gallery\/medale\/thumbs\/thumbs_IMG_4349.jpg\"\n\t\t\t\t\twidth=\"240\"\n\t\t\t\t\theight=\"160\"\n\t\t\t\t\tstyle=\"max-width:100%;\"\n\t\t\t\t\/>\n\t\t\t<\/a>\n\t\t<\/div>\n\t\t\t\t\t\t\t<\/div> \n\t\t\t\n\t\t\t\t<div id=\"ngg-image-9\" class=\"ngg-gallery-thumbnail-box \n\t\t\t\t\t\t\t\t\t\t\t\" \n\t\t\t>\n\t\t\t\t\t\t<div class=\"ngg-gallery-thumbnail\">\n\t\t\t<a href=\"https:\/\/www.grawerniak.pl\/wp-content\/gallery\/medale\/IMG_4257.jpg\"\n\t\t\t\ttitle=\"Medal - III Ole\u015bnicki bieg le\u015bny\"\n\t\t\t\tdata-src=\"https:\/\/www.grawerniak.pl\/wp-content\/gallery\/medale\/IMG_4257.jpg\"\n\t\t\t\tdata-thumbnail=\"https:\/\/www.grawerniak.pl\/wp-content\/gallery\/medale\/thumbs\/thumbs_IMG_4257.jpg\"\n\t\t\t\tdata-image-id=\"11\"\n\t\t\t\tdata-title=\"Medal - III Ole\u015bnicki bieg le\u015bny\"\n\t\t\t\tdata-description=\"Medal - III Ole\u015bnicki bieg le\u015bny\"\n\t\t\t\tdata-image-slug=\"img_4257\"\n\t\t\t\tclass=\"ngg-simplelightbox\" rel=\"acf23ada328e8923b5ffbaa6a3f05831\">\n\t\t\t\t<img\n\t\t\t\t\ttitle=\"Medal - III Ole\u015bnicki bieg le\u015bny\"\n\t\t\t\t\talt=\"Medal - III Ole\u015bnicki bieg le\u015bny\"\n\t\t\t\t\tsrc=\"https:\/\/www.grawerniak.pl\/wp-content\/gallery\/medale\/thumbs\/thumbs_IMG_4257.jpg\"\n\t\t\t\t\twidth=\"240\"\n\t\t\t\t\theight=\"160\"\n\t\t\t\t\tstyle=\"max-width:100%;\"\n\t\t\t\t\/>\n\t\t\t<\/a>\n\t\t<\/div>\n\t\t\t\t\t\t\t<\/div> \n\t\t\t\n\t\t\t\t<div id=\"ngg-image-10\" class=\"ngg-gallery-thumbnail-box \n\t\t\t\t\t\t\t\t\t\t\t\" \n\t\t\t>\n\t\t\t\t\t\t<div class=\"ngg-gallery-thumbnail\">\n\t\t\t<a href=\"https:\/\/www.grawerniak.pl\/wp-content\/gallery\/medale\/IMG_4350.jpg\"\n\t\t\t\ttitle=\"\"\n\t\t\t\tdata-src=\"https:\/\/www.grawerniak.pl\/wp-content\/gallery\/medale\/IMG_4350.jpg\"\n\t\t\t\tdata-thumbnail=\"https:\/\/www.grawerniak.pl\/wp-content\/gallery\/medale\/thumbs\/thumbs_IMG_4350.jpg\"\n\t\t\t\tdata-image-id=\"13\"\n\t\t\t\tdata-title=\"Medal dla Ochotniczego Hufca Pracy (OHP) Rajd\"\n\t\t\t\tdata-description=\"\"\n\t\t\t\tdata-image-slug=\"img_4350\"\n\t\t\t\tclass=\"ngg-simplelightbox\" rel=\"acf23ada328e8923b5ffbaa6a3f05831\">\n\t\t\t\t<img\n\t\t\t\t\ttitle=\"Medal dla Ochotniczego Hufca Pracy (OHP) Rajd\"\n\t\t\t\t\talt=\"Medal dla Ochotniczego Hufca Pracy (OHP) Rajd\"\n\t\t\t\t\tsrc=\"https:\/\/www.grawerniak.pl\/wp-content\/gallery\/medale\/thumbs\/thumbs_IMG_4350.jpg\"\n\t\t\t\t\twidth=\"240\"\n\t\t\t\t\theight=\"160\"\n\t\t\t\t\tstyle=\"max-width:100%;\"\n\t\t\t\t\/>\n\t\t\t<\/a>\n\t\t<\/div>\n\t\t\t\t\t\t\t<\/div> \n\t\t\t\n\t\t\t\t<div id=\"ngg-image-11\" class=\"ngg-gallery-thumbnail-box \n\t\t\t\t\t\t\t\t\t\t\t\" \n\t\t\t>\n\t\t\t\t\t\t<div class=\"ngg-gallery-thumbnail\">\n\t\t\t<a href=\"https:\/\/www.grawerniak.pl\/wp-content\/gallery\/medale\/IMG_4223.jpg\"\n\t\t\t\ttitle=\"\"\n\t\t\t\tdata-src=\"https:\/\/www.grawerniak.pl\/wp-content\/gallery\/medale\/IMG_4223.jpg\"\n\t\t\t\tdata-thumbnail=\"https:\/\/www.grawerniak.pl\/wp-content\/gallery\/medale\/thumbs\/thumbs_IMG_4223.jpg\"\n\t\t\t\tdata-image-id=\"12\"\n\t\t\t\tdata-title=\"II Le\u015bna biegowa droga krzy\u017cowa\"\n\t\t\t\tdata-description=\"\"\n\t\t\t\tdata-image-slug=\"img_4223\"\n\t\t\t\tclass=\"ngg-simplelightbox\" rel=\"acf23ada328e8923b5ffbaa6a3f05831\">\n\t\t\t\t<img\n\t\t\t\t\ttitle=\"II Le\u015bna biegowa droga krzy\u017cowa\"\n\t\t\t\t\talt=\"II Le\u015bna biegowa droga krzy\u017cowa\"\n\t\t\t\t\tsrc=\"https:\/\/www.grawerniak.pl\/wp-content\/gallery\/medale\/thumbs\/thumbs_IMG_4223.jpg\"\n\t\t\t\t\twidth=\"240\"\n\t\t\t\t\theight=\"160\"\n\t\t\t\t\tstyle=\"max-width:100%;\"\n\t\t\t\t\/>\n\t\t\t<\/a>\n\t\t<\/div>\n\t\t\t\t\t\t\t<\/div> \n\t\t\t\n\t\t\t\t<div id=\"ngg-image-12\" class=\"ngg-gallery-thumbnail-box \n\t\t\t\t\t\t\t\t\t\t\t\" \n\t\t\t>\n\t\t\t\t\t\t<div class=\"ngg-gallery-thumbnail\">\n\t\t\t<a href=\"https:\/\/www.grawerniak.pl\/wp-content\/gallery\/medale\/IMG_0679.jpg\"\n\t\t\t\ttitle=\"\"\n\t\t\t\tdata-src=\"https:\/\/www.grawerniak.pl\/wp-content\/gallery\/medale\/IMG_0679.jpg\"\n\t\t\t\tdata-thumbnail=\"https:\/\/www.grawerniak.pl\/wp-content\/gallery\/medale\/thumbs\/thumbs_IMG_0679.jpg\"\n\t\t\t\tdata-image-id=\"4\"\n\t\t\t\tdata-title=\"I Ole\u015bnicki le\u015bny maraton biegowy\"\n\t\t\t\tdata-description=\"\"\n\t\t\t\tdata-image-slug=\"img_0679\"\n\t\t\t\tclass=\"ngg-simplelightbox\" rel=\"acf23ada328e8923b5ffbaa6a3f05831\">\n\t\t\t\t<img\n\t\t\t\t\ttitle=\"I Ole\u015bnicki le\u015bny maraton biegowy\"\n\t\t\t\t\talt=\"I Ole\u015bnicki le\u015bny maraton biegowy\"\n\t\t\t\t\tsrc=\"https:\/\/www.grawerniak.pl\/wp-content\/gallery\/medale\/thumbs\/thumbs_IMG_0679.jpg\"\n\t\t\t\t\twidth=\"240\"\n\t\t\t\t\theight=\"160\"\n\t\t\t\t\tstyle=\"max-width:100%;\"\n\t\t\t\t\/>\n\t\t\t<\/a>\n\t\t<\/div>\n\t\t\t\t\t\t\t<\/div> \n\t\t\t\n\t\t\t\t<div id=\"ngg-image-13\" class=\"ngg-gallery-thumbnail-box \n\t\t\t\t\t\t\t\t\t\t\t\" \n\t\t\t>\n\t\t\t\t\t\t<div class=\"ngg-gallery-thumbnail\">\n\t\t\t<a href=\"https:\/\/www.grawerniak.pl\/wp-content\/gallery\/medale\/IMG_0674.jpg\"\n\t\t\t\ttitle=\"\"\n\t\t\t\tdata-src=\"https:\/\/www.grawerniak.pl\/wp-content\/gallery\/medale\/IMG_0674.jpg\"\n\t\t\t\tdata-thumbnail=\"https:\/\/www.grawerniak.pl\/wp-content\/gallery\/medale\/thumbs\/thumbs_IMG_0674.jpg\"\n\t\t\t\tdata-image-id=\"5\"\n\t\t\t\tdata-title=\"I Ole\u015bnicki le\u015bny maraton biegowy\"\n\t\t\t\tdata-description=\"\"\n\t\t\t\tdata-image-slug=\"img_0674\"\n\t\t\t\tclass=\"ngg-simplelightbox\" rel=\"acf23ada328e8923b5ffbaa6a3f05831\">\n\t\t\t\t<img\n\t\t\t\t\ttitle=\"I Ole\u015bnicki le\u015bny maraton biegowy\"\n\t\t\t\t\talt=\"I Ole\u015bnicki le\u015bny maraton biegowy\"\n\t\t\t\t\tsrc=\"https:\/\/www.grawerniak.pl\/wp-content\/gallery\/medale\/thumbs\/thumbs_IMG_0674.jpg\"\n\t\t\t\t\twidth=\"240\"\n\t\t\t\t\theight=\"160\"\n\t\t\t\t\tstyle=\"max-width:100%;\"\n\t\t\t\t\/>\n\t\t\t<\/a>\n\t\t<\/div>\n\t\t\t\t\t\t\t<\/div> \n\t\t\t\n\t\t\t\t<div id=\"ngg-image-14\" class=\"ngg-gallery-thumbnail-box \n\t\t\t\t\t\t\t\t\t\t\t\" \n\t\t\t>\n\t\t\t\t\t\t<div class=\"ngg-gallery-thumbnail\">\n\t\t\t<a href=\"https:\/\/www.grawerniak.pl\/wp-content\/gallery\/medale\/IMG_0676.jpg\"\n\t\t\t\ttitle=\"\"\n\t\t\t\tdata-src=\"https:\/\/www.grawerniak.pl\/wp-content\/gallery\/medale\/IMG_0676.jpg\"\n\t\t\t\tdata-thumbnail=\"https:\/\/www.grawerniak.pl\/wp-content\/gallery\/medale\/thumbs\/thumbs_IMG_0676.jpg\"\n\t\t\t\tdata-image-id=\"6\"\n\t\t\t\tdata-title=\"I Ole\u015bnicki le\u015bny maraton biegowy\"\n\t\t\t\tdata-description=\"\"\n\t\t\t\tdata-image-slug=\"img_0676\"\n\t\t\t\tclass=\"ngg-simplelightbox\" rel=\"acf23ada328e8923b5ffbaa6a3f05831\">\n\t\t\t\t<img\n\t\t\t\t\ttitle=\"I Ole\u015bnicki le\u015bny maraton biegowy\"\n\t\t\t\t\talt=\"I Ole\u015bnicki le\u015bny maraton biegowy\"\n\t\t\t\t\tsrc=\"https:\/\/www.grawerniak.pl\/wp-content\/gallery\/medale\/thumbs\/thumbs_IMG_0676.jpg\"\n\t\t\t\t\twidth=\"240\"\n\t\t\t\t\theight=\"160\"\n\t\t\t\t\tstyle=\"max-width:100%;\"\n\t\t\t\t\/>\n\t\t\t<\/a>\n\t\t<\/div>\n\t\t\t\t\t\t\t<\/div> \n\t\t\t\n\t\t\t\t<div id=\"ngg-image-15\" class=\"ngg-gallery-thumbnail-box \n\t\t\t\t\t\t\t\t\t\t\t\" \n\t\t\t>\n\t\t\t\t\t\t<div class=\"ngg-gallery-thumbnail\">\n\t\t\t<a href=\"https:\/\/www.grawerniak.pl\/wp-content\/gallery\/medale\/IMG_0677.jpg\"\n\t\t\t\ttitle=\"\"\n\t\t\t\tdata-src=\"https:\/\/www.grawerniak.pl\/wp-content\/gallery\/medale\/IMG_0677.jpg\"\n\t\t\t\tdata-thumbnail=\"https:\/\/www.grawerniak.pl\/wp-content\/gallery\/medale\/thumbs\/thumbs_IMG_0677.jpg\"\n\t\t\t\tdata-image-id=\"7\"\n\t\t\t\tdata-title=\"I Ole\u015bnicki le\u015bny maraton biegowy\"\n\t\t\t\tdata-description=\"\"\n\t\t\t\tdata-image-slug=\"img_0677\"\n\t\t\t\tclass=\"ngg-simplelightbox\" rel=\"acf23ada328e8923b5ffbaa6a3f05831\">\n\t\t\t\t<img\n\t\t\t\t\ttitle=\"I Ole\u015bnicki le\u015bny maraton biegowy\"\n\t\t\t\t\talt=\"I Ole\u015bnicki le\u015bny maraton biegowy\"\n\t\t\t\t\tsrc=\"https:\/\/www.grawerniak.pl\/wp-content\/gallery\/medale\/thumbs\/thumbs_IMG_0677.jpg\"\n\t\t\t\t\twidth=\"240\"\n\t\t\t\t\theight=\"160\"\n\t\t\t\t\tstyle=\"max-width:100%;\"\n\t\t\t\t\/>\n\t\t\t<\/a>\n\t\t<\/div>\n\t\t\t\t\t\t\t<\/div> \n\t\t\t\n\t\t\t\t<div id=\"ngg-image-16\" class=\"ngg-gallery-thumbnail-box \n\t\t\t\t\t\t\t\t\t\t\t\" \n\t\t\t>\n\t\t\t\t\t\t<div class=\"ngg-gallery-thumbnail\">\n\t\t\t<a href=\"https:\/\/www.grawerniak.pl\/wp-content\/gallery\/medale\/IMG_0675.jpg\"\n\t\t\t\ttitle=\"\"\n\t\t\t\tdata-src=\"https:\/\/www.grawerniak.pl\/wp-content\/gallery\/medale\/IMG_0675.jpg\"\n\t\t\t\tdata-thumbnail=\"https:\/\/www.grawerniak.pl\/wp-content\/gallery\/medale\/thumbs\/thumbs_IMG_0675.jpg\"\n\t\t\t\tdata-image-id=\"8\"\n\t\t\t\tdata-title=\"I Ole\u015bnicki le\u015bny maraton biegowy\"\n\t\t\t\tdata-description=\"\"\n\t\t\t\tdata-image-slug=\"img_0675\"\n\t\t\t\tclass=\"ngg-simplelightbox\" rel=\"acf23ada328e8923b5ffbaa6a3f05831\">\n\t\t\t\t<img\n\t\t\t\t\ttitle=\"I Ole\u015bnicki le\u015bny maraton biegowy\"\n\t\t\t\t\talt=\"I Ole\u015bnicki le\u015bny maraton biegowy\"\n\t\t\t\t\tsrc=\"https:\/\/www.grawerniak.pl\/wp-content\/gallery\/medale\/thumbs\/thumbs_IMG_0675.jpg\"\n\t\t\t\t\twidth=\"240\"\n\t\t\t\t\theight=\"160\"\n\t\t\t\t\tstyle=\"max-width:100%;\"\n\t\t\t\t\/>\n\t\t\t<\/a>\n\t\t<\/div>\n\t\t\t\t\t\t\t<\/div> \n\t\t\t\n\t\t\t\t<div id=\"ngg-image-17\" class=\"ngg-gallery-thumbnail-box \n\t\t\t\t\t\t\t\t\t\t\t\" \n\t\t\t>\n\t\t\t\t\t\t<div class=\"ngg-gallery-thumbnail\">\n\t\t\t<a href=\"https:\/\/www.grawerniak.pl\/wp-content\/gallery\/medale\/IMG_0038.jpg\"\n\t\t\t\ttitle=\"\"\n\t\t\t\tdata-src=\"https:\/\/www.grawerniak.pl\/wp-content\/gallery\/medale\/IMG_0038.jpg\"\n\t\t\t\tdata-thumbnail=\"https:\/\/www.grawerniak.pl\/wp-content\/gallery\/medale\/thumbs\/thumbs_IMG_0038.jpg\"\n\t\t\t\tdata-image-id=\"3\"\n\t\t\t\tdata-title=\"KLUB BIEGACZA LUPUS - Medal z okazji dnia kobiet\"\n\t\t\t\tdata-description=\"\"\n\t\t\t\tdata-image-slug=\"img_0038\"\n\t\t\t\tclass=\"ngg-simplelightbox\" rel=\"acf23ada328e8923b5ffbaa6a3f05831\">\n\t\t\t\t<img\n\t\t\t\t\ttitle=\"KLUB BIEGACZA LUPUS - Medal z okazji dnia kobiet\"\n\t\t\t\t\talt=\"KLUB BIEGACZA LUPUS - Medal z okazji dnia kobiet\"\n\t\t\t\t\tsrc=\"https:\/\/www.grawerniak.pl\/wp-content\/gallery\/medale\/thumbs\/thumbs_IMG_0038.jpg\"\n\t\t\t\t\twidth=\"240\"\n\t\t\t\t\theight=\"160\"\n\t\t\t\t\tstyle=\"max-width:100%;\"\n\t\t\t\t\/>\n\t\t\t<\/a>\n\t\t<\/div>\n\t\t\t\t\t\t\t<\/div> \n\t\t\t\n\t\t\t\t<div id=\"ngg-image-18\" class=\"ngg-gallery-thumbnail-box \n\t\t\t\t\t\t\t\t\t\t\t\" \n\t\t\t>\n\t\t\t\t\t\t<div class=\"ngg-gallery-thumbnail\">\n\t\t\t<a href=\"https:\/\/www.grawerniak.pl\/wp-content\/gallery\/medale\/IMG_3358.jpg\"\n\t\t\t\ttitle=\"\"\n\t\t\t\tdata-src=\"https:\/\/www.grawerniak.pl\/wp-content\/gallery\/medale\/IMG_3358.jpg\"\n\t\t\t\tdata-thumbnail=\"https:\/\/www.grawerniak.pl\/wp-content\/gallery\/medale\/thumbs\/thumbs_IMG_3358.jpg\"\n\t\t\t\tdata-image-id=\"9\"\n\t\t\t\tdata-title=\"Medal z okazji 31 fina\u0142u wielkiej orkiestry \u015bwi\u0105tecznej pomocy\"\n\t\t\t\tdata-description=\"\"\n\t\t\t\tdata-image-slug=\"img_3358\"\n\t\t\t\tclass=\"ngg-simplelightbox\" rel=\"acf23ada328e8923b5ffbaa6a3f05831\">\n\t\t\t\t<img\n\t\t\t\t\ttitle=\"Medal z okazji 31 fina\u0142u wielkiej orkiestry \u015bwi\u0105tecznej pomocy\"\n\t\t\t\t\talt=\"Medal z okazji 31 fina\u0142u wielkiej orkiestry \u015bwi\u0105tecznej pomocy\"\n\t\t\t\t\tsrc=\"https:\/\/www.grawerniak.pl\/wp-content\/gallery\/medale\/thumbs\/thumbs_IMG_3358.jpg\"\n\t\t\t\t\twidth=\"240\"\n\t\t\t\t\theight=\"160\"\n\t\t\t\t\tstyle=\"max-width:100%;\"\n\t\t\t\t\/>\n\t\t\t<\/a>\n\t\t<\/div>\n\t\t\t\t\t\t\t<\/div> \n\t\t\t\n\t\t\t\t<div id=\"ngg-image-19\" class=\"ngg-gallery-thumbnail-box \n\t\t\t\t\t\t\t\t\t\t\t\" \n\t\t\t>\n\t\t\t\t\t\t<div class=\"ngg-gallery-thumbnail\">\n\t\t\t<a href=\"https:\/\/www.grawerniak.pl\/wp-content\/gallery\/medale\/IMG_6533.jpg\"\n\t\t\t\ttitle=\"\"\n\t\t\t\tdata-src=\"https:\/\/www.grawerniak.pl\/wp-content\/gallery\/medale\/IMG_6533.jpg\"\n\t\t\t\tdata-thumbnail=\"https:\/\/www.grawerniak.pl\/wp-content\/gallery\/medale\/thumbs\/thumbs_IMG_6533.jpg\"\n\t\t\t\tdata-image-id=\"14\"\n\t\t\t\tdata-title=\"Medal z okazji dnia nauczyciela\"\n\t\t\t\tdata-description=\"\"\n\t\t\t\tdata-image-slug=\"img_6533\"\n\t\t\t\tclass=\"ngg-simplelightbox\" rel=\"acf23ada328e8923b5ffbaa6a3f05831\">\n\t\t\t\t<img\n\t\t\t\t\ttitle=\"Medal z okazji dnia nauczyciela\"\n\t\t\t\t\talt=\"Medal z okazji dnia nauczyciela\"\n\t\t\t\t\tsrc=\"https:\/\/www.grawerniak.pl\/wp-content\/gallery\/medale\/thumbs\/thumbs_IMG_6533.jpg\"\n\t\t\t\t\twidth=\"240\"\n\t\t\t\t\theight=\"160\"\n\t\t\t\t\tstyle=\"max-width:100%;\"\n\t\t\t\t\/>\n\t\t\t<\/a>\n\t\t<\/div>\n\t\t\t\t\t\t\t<\/div> \n\t\t\t\n\t\t\t\t<div id=\"ngg-image-20\" class=\"ngg-gallery-thumbnail-box \n\t\t\t\t\t\t\t\t\t\t\t\" \n\t\t\t>\n\t\t\t\t\t\t<div class=\"ngg-gallery-thumbnail\">\n\t\t\t<a href=\"https:\/\/www.grawerniak.pl\/wp-content\/gallery\/medale\/IMG_5690.jpg\"\n\t\t\t\ttitle=\"\"\n\t\t\t\tdata-src=\"https:\/\/www.grawerniak.pl\/wp-content\/gallery\/medale\/IMG_5690.jpg\"\n\t\t\t\tdata-thumbnail=\"https:\/\/www.grawerniak.pl\/wp-content\/gallery\/medale\/thumbs\/thumbs_IMG_5690.jpg\"\n\t\t\t\tdata-image-id=\"15\"\n\t\t\t\tdata-title=\"Medal - KB Lupus - Bieg wilcza pi\u0105tka\"\n\t\t\t\tdata-description=\"\"\n\t\t\t\tdata-image-slug=\"img_5690\"\n\t\t\t\tclass=\"ngg-simplelightbox\" rel=\"acf23ada328e8923b5ffbaa6a3f05831\">\n\t\t\t\t<img\n\t\t\t\t\ttitle=\"Medal - KB Lupus - Bieg wilcza pi\u0105tka\"\n\t\t\t\t\talt=\"Medal - KB Lupus - Bieg wilcza pi\u0105tka\"\n\t\t\t\t\tsrc=\"https:\/\/www.grawerniak.pl\/wp-content\/gallery\/medale\/thumbs\/thumbs_IMG_5690.jpg\"\n\t\t\t\t\twidth=\"240\"\n\t\t\t\t\theight=\"160\"\n\t\t\t\t\tstyle=\"max-width:100%;\"\n\t\t\t\t\/>\n\t\t\t<\/a>\n\t\t<\/div>\n\t\t\t\t\t\t\t<\/div> \n\t\t\t\n\t\t\t\t<div id=\"ngg-image-21\" class=\"ngg-gallery-thumbnail-box \n\t\t\t\t\t\t\t\t\t\t\t\" \n\t\t\t>\n\t\t\t\t\t\t<div class=\"ngg-gallery-thumbnail\">\n\t\t\t<a href=\"https:\/\/www.grawerniak.pl\/wp-content\/gallery\/medale\/IMG_8754.jpg\"\n\t\t\t\ttitle=\"\"\n\t\t\t\tdata-src=\"https:\/\/www.grawerniak.pl\/wp-content\/gallery\/medale\/IMG_8754.jpg\"\n\t\t\t\tdata-thumbnail=\"https:\/\/www.grawerniak.pl\/wp-content\/gallery\/medale\/thumbs\/thumbs_IMG_8754.jpg\"\n\t\t\t\tdata-image-id=\"16\"\n\t\t\t\tdata-title=\"II Ole\u015bnicki bieg le\u015bny\"\n\t\t\t\tdata-description=\"\"\n\t\t\t\tdata-image-slug=\"img_8754\"\n\t\t\t\tclass=\"ngg-simplelightbox\" rel=\"acf23ada328e8923b5ffbaa6a3f05831\">\n\t\t\t\t<img\n\t\t\t\t\ttitle=\"II Ole\u015bnicki bieg le\u015bny\"\n\t\t\t\t\talt=\"II Ole\u015bnicki bieg le\u015bny\"\n\t\t\t\t\tsrc=\"https:\/\/www.grawerniak.pl\/wp-content\/gallery\/medale\/thumbs\/thumbs_IMG_8754.jpg\"\n\t\t\t\t\twidth=\"240\"\n\t\t\t\t\theight=\"160\"\n\t\t\t\t\tstyle=\"max-width:100%;\"\n\t\t\t\t\/>\n\t\t\t<\/a>\n\t\t<\/div>\n\t\t\t\t\t\t\t<\/div> \n\t\t\t\n\t\n\t<br style=\"clear: both\" \/>\n\n\t\n\t\t<!-- Pagination -->\n\t\t<div class='ngg-clear'><\/div>\t<\/div>\n\n","protected":false},"excerpt":{"rendered":"","protected":false},"author":1,"featured_media":0,"parent":0,"menu_order":0,"comment_status":"closed","ping_status":"closed","template":"template-fullwidth.php","meta":{"ngg_post_thumbnail":0,"footnotes":""},"_links":{"self":[{"href":"https:\/\/www.grawerniak.pl\/index.php\/wp-json\/wp\/v2\/pages\/142"}],"collection":[{"href":"https:\/\/www.grawerniak.pl\/index.php\/wp-json\/wp\/v2\/pages"}],"about":[{"href":"https:\/\/www.grawerniak.pl\/index.php\/wp-json\/wp\/v2\/types\/page"}],"author":[{"embeddable":true,"href":"https:\/\/www.grawerniak.pl\/index.php\/wp-json\/wp\/v2\/users\/1"}],"replies":[{"embeddable":true,"href":"https:\/\/www.grawerniak.pl\/index.php\/wp-json\/wp\/v2\/comments?post=142"}],"version-history":[{"count":1,"href":"https:\/\/www.grawerniak.pl\/index.php\/wp-json\/wp\/v2\/pages\/142\/revisions"}],"predecessor-version":[{"id":143,"href":"https:\/\/www.grawerniak.pl\/index.php\/wp-json\/wp\/v2\/pages\/142\/revisions\/143"}],"wp:attachment":[{"href":"https:\/\/www.grawerniak.pl\/index.php\/wp-json\/wp\/v2\/media?parent=142"}],"curies":[{"name":"wp","href":"https:\/\/api.w.org\/{rel}","templated":true}]}}