{"id":332,"date":"2023-11-23T20:01:37","date_gmt":"2023-11-23T20:01:37","guid":{"rendered":"https:\/\/www.grawerniak.pl\/?page_id=332"},"modified":"2023-11-23T20:14:56","modified_gmt":"2023-11-23T20:14:56","slug":"pozostale-realizacje","status":"publish","type":"page","link":"https:\/\/www.grawerniak.pl\/index.php\/pozostale-realizacje\/","title":{"rendered":"Pozosta\u0142e realizacje"},"content":{"rendered":"\n<!-- default-view.php -->\n<div\n\tclass=\"ngg-galleryoverview default-view \n\t\t\"\n\tid=\"ngg-gallery-056c19584c8e59da3dc60c228a3bf7bd-1\">\n\n\t\t<!-- Thumbnails -->\n\t\t\t\t<div id=\"ngg-image-0\" class=\"ngg-gallery-thumbnail-box \n\t\t\t\t\t\t\t\t\t\t\t\" \n\t\t\t>\n\t\t\t\t\t\t<div class=\"ngg-gallery-thumbnail\">\n\t\t\t<a href=\"https:\/\/www.grawerniak.pl\/wp-content\/gallery\/pozostale-realizacje\/IMG_7320.jpg\"\n\t\t\t\ttitle=\"Deska do serwowania przek\u0105sek\"\n\t\t\t\tdata-src=\"https:\/\/www.grawerniak.pl\/wp-content\/gallery\/pozostale-realizacje\/IMG_7320.jpg\"\n\t\t\t\tdata-thumbnail=\"https:\/\/www.grawerniak.pl\/wp-content\/gallery\/pozostale-realizacje\/thumbs\/thumbs_IMG_7320.jpg\"\n\t\t\t\tdata-image-id=\"152\"\n\t\t\t\tdata-title=\"Deska do serwowania przek\u0105sek\"\n\t\t\t\tdata-description=\"Deska do serwowania przek\u0105sek\"\n\t\t\t\tdata-image-slug=\"img_7320\"\n\t\t\t\tclass=\"ngg-simplelightbox\" rel=\"056c19584c8e59da3dc60c228a3bf7bd\">\n\t\t\t\t<img\n\t\t\t\t\ttitle=\"Deska do serwowania przek\u0105sek\"\n\t\t\t\t\talt=\"Deska do serwowania przek\u0105sek\"\n\t\t\t\t\tsrc=\"https:\/\/www.grawerniak.pl\/wp-content\/gallery\/pozostale-realizacje\/thumbs\/thumbs_IMG_7320.jpg\"\n\t\t\t\t\twidth=\"240\"\n\t\t\t\t\theight=\"160\"\n\t\t\t\t\tstyle=\"max-width:100%;\"\n\t\t\t\t\/>\n\t\t\t<\/a>\n\t\t<\/div>\n\t\t\t\t\t\t\t<\/div> \n\t\t\t\n\t\t\t\t<div id=\"ngg-image-1\" class=\"ngg-gallery-thumbnail-box \n\t\t\t\t\t\t\t\t\t\t\t\" \n\t\t\t>\n\t\t\t\t\t\t<div class=\"ngg-gallery-thumbnail\">\n\t\t\t<a href=\"https:\/\/www.grawerniak.pl\/wp-content\/gallery\/pozostale-realizacje\/IMG_7367.jpg\"\n\t\t\t\ttitle=\"Deska do serwowania przek\u0105sek\"\n\t\t\t\tdata-src=\"https:\/\/www.grawerniak.pl\/wp-content\/gallery\/pozostale-realizacje\/IMG_7367.jpg\"\n\t\t\t\tdata-thumbnail=\"https:\/\/www.grawerniak.pl\/wp-content\/gallery\/pozostale-realizacje\/thumbs\/thumbs_IMG_7367.jpg\"\n\t\t\t\tdata-image-id=\"156\"\n\t\t\t\tdata-title=\"Deska do serwowania przek\u0105sek\"\n\t\t\t\tdata-description=\"Deska do serwowania przek\u0105sek\"\n\t\t\t\tdata-image-slug=\"img_7367\"\n\t\t\t\tclass=\"ngg-simplelightbox\" rel=\"056c19584c8e59da3dc60c228a3bf7bd\">\n\t\t\t\t<img\n\t\t\t\t\ttitle=\"Deska do serwowania przek\u0105sek\"\n\t\t\t\t\talt=\"Deska do serwowania przek\u0105sek\"\n\t\t\t\t\tsrc=\"https:\/\/www.grawerniak.pl\/wp-content\/gallery\/pozostale-realizacje\/thumbs\/thumbs_IMG_7367.jpg\"\n\t\t\t\t\twidth=\"240\"\n\t\t\t\t\theight=\"160\"\n\t\t\t\t\tstyle=\"max-width:100%;\"\n\t\t\t\t\/>\n\t\t\t<\/a>\n\t\t<\/div>\n\t\t\t\t\t\t\t<\/div> \n\t\t\t\n\t\t\t\t<div id=\"ngg-image-2\" class=\"ngg-gallery-thumbnail-box \n\t\t\t\t\t\t\t\t\t\t\t\" \n\t\t\t>\n\t\t\t\t\t\t<div class=\"ngg-gallery-thumbnail\">\n\t\t\t<a href=\"https:\/\/www.grawerniak.pl\/wp-content\/gallery\/pozostale-realizacje\/IMG_7364.jpg\"\n\t\t\t\ttitle=\"Deska do serwowania przek\u0105sek\"\n\t\t\t\tdata-src=\"https:\/\/www.grawerniak.pl\/wp-content\/gallery\/pozostale-realizacje\/IMG_7364.jpg\"\n\t\t\t\tdata-thumbnail=\"https:\/\/www.grawerniak.pl\/wp-content\/gallery\/pozostale-realizacje\/thumbs\/thumbs_IMG_7364.jpg\"\n\t\t\t\tdata-image-id=\"157\"\n\t\t\t\tdata-title=\"Deska do serwowania przek\u0105sek\"\n\t\t\t\tdata-description=\"Deska do serwowania przek\u0105sek\"\n\t\t\t\tdata-image-slug=\"img_7364\"\n\t\t\t\tclass=\"ngg-simplelightbox\" rel=\"056c19584c8e59da3dc60c228a3bf7bd\">\n\t\t\t\t<img\n\t\t\t\t\ttitle=\"Deska do serwowania przek\u0105sek\"\n\t\t\t\t\talt=\"Deska do serwowania przek\u0105sek\"\n\t\t\t\t\tsrc=\"https:\/\/www.grawerniak.pl\/wp-content\/gallery\/pozostale-realizacje\/thumbs\/thumbs_IMG_7364.jpg\"\n\t\t\t\t\twidth=\"240\"\n\t\t\t\t\theight=\"160\"\n\t\t\t\t\tstyle=\"max-width:100%;\"\n\t\t\t\t\/>\n\t\t\t<\/a>\n\t\t<\/div>\n\t\t\t\t\t\t\t<\/div> \n\t\t\t\n\t\t\t\t<div id=\"ngg-image-3\" class=\"ngg-gallery-thumbnail-box \n\t\t\t\t\t\t\t\t\t\t\t\" \n\t\t\t>\n\t\t\t\t\t\t<div class=\"ngg-gallery-thumbnail\">\n\t\t\t<a href=\"https:\/\/www.grawerniak.pl\/wp-content\/gallery\/pozostale-realizacje\/z2.jpg\"\n\t\t\t\ttitle=\"Zegarek wykonany z drewna Wi\u0105z.\"\n\t\t\t\tdata-src=\"https:\/\/www.grawerniak.pl\/wp-content\/gallery\/pozostale-realizacje\/z2.jpg\"\n\t\t\t\tdata-thumbnail=\"https:\/\/www.grawerniak.pl\/wp-content\/gallery\/pozostale-realizacje\/thumbs\/thumbs_z2.jpg\"\n\t\t\t\tdata-image-id=\"121\"\n\t\t\t\tdata-title=\"Drewniany zegarek narek\u0119\"\n\t\t\t\tdata-description=\"Zegarek wykonany z drewna Wi\u0105z.\"\n\t\t\t\tdata-image-slug=\"z2\"\n\t\t\t\tclass=\"ngg-simplelightbox\" rel=\"056c19584c8e59da3dc60c228a3bf7bd\">\n\t\t\t\t<img\n\t\t\t\t\ttitle=\"Drewniany zegarek narek\u0119\"\n\t\t\t\t\talt=\"Drewniany zegarek narek\u0119\"\n\t\t\t\t\tsrc=\"https:\/\/www.grawerniak.pl\/wp-content\/gallery\/pozostale-realizacje\/thumbs\/thumbs_z2.jpg\"\n\t\t\t\t\twidth=\"240\"\n\t\t\t\t\theight=\"160\"\n\t\t\t\t\tstyle=\"max-width:100%;\"\n\t\t\t\t\/>\n\t\t\t<\/a>\n\t\t<\/div>\n\t\t\t\t\t\t\t<\/div> \n\t\t\t\n\t\t\t\t<div id=\"ngg-image-4\" class=\"ngg-gallery-thumbnail-box \n\t\t\t\t\t\t\t\t\t\t\t\" \n\t\t\t>\n\t\t\t\t\t\t<div class=\"ngg-gallery-thumbnail\">\n\t\t\t<a href=\"https:\/\/www.grawerniak.pl\/wp-content\/gallery\/pozostale-realizacje\/z3.jpg\"\n\t\t\t\ttitle=\"Zegarek wykonany z drewna Wi\u0105z.\"\n\t\t\t\tdata-src=\"https:\/\/www.grawerniak.pl\/wp-content\/gallery\/pozostale-realizacje\/z3.jpg\"\n\t\t\t\tdata-thumbnail=\"https:\/\/www.grawerniak.pl\/wp-content\/gallery\/pozostale-realizacje\/thumbs\/thumbs_z3.jpg\"\n\t\t\t\tdata-image-id=\"123\"\n\t\t\t\tdata-title=\"Drewniany zegarek narek\u0119\"\n\t\t\t\tdata-description=\"Zegarek wykonany z drewna Wi\u0105z.\"\n\t\t\t\tdata-image-slug=\"z3\"\n\t\t\t\tclass=\"ngg-simplelightbox\" rel=\"056c19584c8e59da3dc60c228a3bf7bd\">\n\t\t\t\t<img\n\t\t\t\t\ttitle=\"Drewniany zegarek narek\u0119\"\n\t\t\t\t\talt=\"Drewniany zegarek narek\u0119\"\n\t\t\t\t\tsrc=\"https:\/\/www.grawerniak.pl\/wp-content\/gallery\/pozostale-realizacje\/thumbs\/thumbs_z3.jpg\"\n\t\t\t\t\twidth=\"240\"\n\t\t\t\t\theight=\"160\"\n\t\t\t\t\tstyle=\"max-width:100%;\"\n\t\t\t\t\/>\n\t\t\t<\/a>\n\t\t<\/div>\n\t\t\t\t\t\t\t<\/div> \n\t\t\t\n\t\t\t\t<div id=\"ngg-image-5\" class=\"ngg-gallery-thumbnail-box \n\t\t\t\t\t\t\t\t\t\t\t\" \n\t\t\t>\n\t\t\t\t\t\t<div class=\"ngg-gallery-thumbnail\">\n\t\t\t<a href=\"https:\/\/www.grawerniak.pl\/wp-content\/gallery\/pozostale-realizacje\/IMG_1631.JPG\"\n\t\t\t\ttitle=\"Wersja zegarka z tarcz\u0105 36 mm wykonany z drewna d\u0119bowego.\"\n\t\t\t\tdata-src=\"https:\/\/www.grawerniak.pl\/wp-content\/gallery\/pozostale-realizacje\/IMG_1631.JPG\"\n\t\t\t\tdata-thumbnail=\"https:\/\/www.grawerniak.pl\/wp-content\/gallery\/pozostale-realizacje\/thumbs\/thumbs_IMG_1631.JPG\"\n\t\t\t\tdata-image-id=\"126\"\n\t\t\t\tdata-title=\"Drewniany zegarek narek\u0119\"\n\t\t\t\tdata-description=\"Wersja zegarka z tarcz\u0105 36 mm wykonany z drewna d\u0119bowego.\"\n\t\t\t\tdata-image-slug=\"img_1631\"\n\t\t\t\tclass=\"ngg-simplelightbox\" rel=\"056c19584c8e59da3dc60c228a3bf7bd\">\n\t\t\t\t<img\n\t\t\t\t\ttitle=\"Drewniany zegarek narek\u0119\"\n\t\t\t\t\talt=\"Drewniany zegarek narek\u0119\"\n\t\t\t\t\tsrc=\"https:\/\/www.grawerniak.pl\/wp-content\/gallery\/pozostale-realizacje\/thumbs\/thumbs_IMG_1631.JPG\"\n\t\t\t\t\twidth=\"240\"\n\t\t\t\t\theight=\"160\"\n\t\t\t\t\tstyle=\"max-width:100%;\"\n\t\t\t\t\/>\n\t\t\t<\/a>\n\t\t<\/div>\n\t\t\t\t\t\t\t<\/div> \n\t\t\t\n\t\t\t\t<div id=\"ngg-image-6\" class=\"ngg-gallery-thumbnail-box \n\t\t\t\t\t\t\t\t\t\t\t\" \n\t\t\t>\n\t\t\t\t\t\t<div class=\"ngg-gallery-thumbnail\">\n\t\t\t<a href=\"https:\/\/www.grawerniak.pl\/wp-content\/gallery\/pozostale-realizacje\/IMG_1634.JPG\"\n\t\t\t\ttitle=\"Wersja zegarka z tarcz\u0105 36 mm wykonany z drewna d\u0119bowego.\"\n\t\t\t\tdata-src=\"https:\/\/www.grawerniak.pl\/wp-content\/gallery\/pozostale-realizacje\/IMG_1634.JPG\"\n\t\t\t\tdata-thumbnail=\"https:\/\/www.grawerniak.pl\/wp-content\/gallery\/pozostale-realizacje\/thumbs\/thumbs_IMG_1634.JPG\"\n\t\t\t\tdata-image-id=\"128\"\n\t\t\t\tdata-title=\"Drewniany zegarek narek\u0119\"\n\t\t\t\tdata-description=\"Wersja zegarka z tarcz\u0105 36 mm wykonany z drewna d\u0119bowego.\"\n\t\t\t\tdata-image-slug=\"img_1634\"\n\t\t\t\tclass=\"ngg-simplelightbox\" rel=\"056c19584c8e59da3dc60c228a3bf7bd\">\n\t\t\t\t<img\n\t\t\t\t\ttitle=\"Drewniany zegarek narek\u0119\"\n\t\t\t\t\talt=\"Drewniany zegarek narek\u0119\"\n\t\t\t\t\tsrc=\"https:\/\/www.grawerniak.pl\/wp-content\/gallery\/pozostale-realizacje\/thumbs\/thumbs_IMG_1634.JPG\"\n\t\t\t\t\twidth=\"240\"\n\t\t\t\t\theight=\"160\"\n\t\t\t\t\tstyle=\"max-width:100%;\"\n\t\t\t\t\/>\n\t\t\t<\/a>\n\t\t<\/div>\n\t\t\t\t\t\t\t<\/div> \n\t\t\t\n\t\t\t\t<div id=\"ngg-image-7\" class=\"ngg-gallery-thumbnail-box \n\t\t\t\t\t\t\t\t\t\t\t\" \n\t\t\t>\n\t\t\t\t\t\t<div class=\"ngg-gallery-thumbnail\">\n\t\t\t<a href=\"https:\/\/www.grawerniak.pl\/wp-content\/gallery\/pozostale-realizacje\/IMG_6588.jpg\"\n\t\t\t\ttitle=\"Karmnik dla ptak\u00f3w\"\n\t\t\t\tdata-src=\"https:\/\/www.grawerniak.pl\/wp-content\/gallery\/pozostale-realizacje\/IMG_6588.jpg\"\n\t\t\t\tdata-thumbnail=\"https:\/\/www.grawerniak.pl\/wp-content\/gallery\/pozostale-realizacje\/thumbs\/thumbs_IMG_6588.jpg\"\n\t\t\t\tdata-image-id=\"141\"\n\t\t\t\tdata-title=\"Karmnik dla ptak\u00f3w\"\n\t\t\t\tdata-description=\"Karmnik dla ptak\u00f3w\"\n\t\t\t\tdata-image-slug=\"img_6588\"\n\t\t\t\tclass=\"ngg-simplelightbox\" rel=\"056c19584c8e59da3dc60c228a3bf7bd\">\n\t\t\t\t<img\n\t\t\t\t\ttitle=\"Karmnik dla ptak\u00f3w\"\n\t\t\t\t\talt=\"Karmnik dla ptak\u00f3w\"\n\t\t\t\t\tsrc=\"https:\/\/www.grawerniak.pl\/wp-content\/gallery\/pozostale-realizacje\/thumbs\/thumbs_IMG_6588.jpg\"\n\t\t\t\t\twidth=\"240\"\n\t\t\t\t\theight=\"160\"\n\t\t\t\t\tstyle=\"max-width:100%;\"\n\t\t\t\t\/>\n\t\t\t<\/a>\n\t\t<\/div>\n\t\t\t\t\t\t\t<\/div> \n\t\t\t\n\t\t\t\t<div id=\"ngg-image-8\" class=\"ngg-gallery-thumbnail-box \n\t\t\t\t\t\t\t\t\t\t\t\" \n\t\t\t>\n\t\t\t\t\t\t<div class=\"ngg-gallery-thumbnail\">\n\t\t\t<a href=\"https:\/\/www.grawerniak.pl\/wp-content\/gallery\/pozostale-realizacje\/IMG_2323.jpg\"\n\t\t\t\ttitle=\"Stacje drogi krzy\u017cowej\"\n\t\t\t\tdata-src=\"https:\/\/www.grawerniak.pl\/wp-content\/gallery\/pozostale-realizacje\/IMG_2323.jpg\"\n\t\t\t\tdata-thumbnail=\"https:\/\/www.grawerniak.pl\/wp-content\/gallery\/pozostale-realizacje\/thumbs\/thumbs_IMG_2323.jpg\"\n\t\t\t\tdata-image-id=\"153\"\n\t\t\t\tdata-title=\"Stacje drogi krzy\u017cowej\"\n\t\t\t\tdata-description=\"Stacje drogi krzy\u017cowej\"\n\t\t\t\tdata-image-slug=\"img_2323\"\n\t\t\t\tclass=\"ngg-simplelightbox\" rel=\"056c19584c8e59da3dc60c228a3bf7bd\">\n\t\t\t\t<img\n\t\t\t\t\ttitle=\"Stacje drogi krzy\u017cowej\"\n\t\t\t\t\talt=\"Stacje drogi krzy\u017cowej\"\n\t\t\t\t\tsrc=\"https:\/\/www.grawerniak.pl\/wp-content\/gallery\/pozostale-realizacje\/thumbs\/thumbs_IMG_2323.jpg\"\n\t\t\t\t\twidth=\"240\"\n\t\t\t\t\theight=\"160\"\n\t\t\t\t\tstyle=\"max-width:100%;\"\n\t\t\t\t\/>\n\t\t\t<\/a>\n\t\t<\/div>\n\t\t\t\t\t\t\t<\/div> \n\t\t\t\n\t\t\t\t<div id=\"ngg-image-9\" class=\"ngg-gallery-thumbnail-box \n\t\t\t\t\t\t\t\t\t\t\t\" \n\t\t\t>\n\t\t\t\t\t\t<div class=\"ngg-gallery-thumbnail\">\n\t\t\t<a href=\"https:\/\/www.grawerniak.pl\/wp-content\/gallery\/pozostale-realizacje\/PhotoRoom_20240131_213705.JPG\"\n\t\t\t\ttitle=\"Stolik kawowy wykonany ze stali, blat drewno + \u017cywica epoksydowa\"\n\t\t\t\tdata-src=\"https:\/\/www.grawerniak.pl\/wp-content\/gallery\/pozostale-realizacje\/PhotoRoom_20240131_213705.JPG\"\n\t\t\t\tdata-thumbnail=\"https:\/\/www.grawerniak.pl\/wp-content\/gallery\/pozostale-realizacje\/thumbs\/thumbs_PhotoRoom_20240131_213705.JPG\"\n\t\t\t\tdata-image-id=\"134\"\n\t\t\t\tdata-title=\"Stolik kawowy\"\n\t\t\t\tdata-description=\"Stolik kawowy wykonany ze stali, blat drewno + \u017cywica epoksydowa\"\n\t\t\t\tdata-image-slug=\"photoroom_20240131_213705\"\n\t\t\t\tclass=\"ngg-simplelightbox\" rel=\"056c19584c8e59da3dc60c228a3bf7bd\">\n\t\t\t\t<img\n\t\t\t\t\ttitle=\"Stolik kawowy\"\n\t\t\t\t\talt=\"Stolik kawowy\"\n\t\t\t\t\tsrc=\"https:\/\/www.grawerniak.pl\/wp-content\/gallery\/pozostale-realizacje\/thumbs\/thumbs_PhotoRoom_20240131_213705.JPG\"\n\t\t\t\t\twidth=\"240\"\n\t\t\t\t\theight=\"160\"\n\t\t\t\t\tstyle=\"max-width:100%;\"\n\t\t\t\t\/>\n\t\t\t<\/a>\n\t\t<\/div>\n\t\t\t\t\t\t\t<\/div> \n\t\t\t\n\t\t\t\t<div id=\"ngg-image-10\" class=\"ngg-gallery-thumbnail-box \n\t\t\t\t\t\t\t\t\t\t\t\" \n\t\t\t>\n\t\t\t\t\t\t<div class=\"ngg-gallery-thumbnail\">\n\t\t\t<a href=\"https:\/\/www.grawerniak.pl\/wp-content\/gallery\/pozostale-realizacje\/PhotoRoom_20240131_213222.JPG\"\n\t\t\t\ttitle=\"Stolik kawowy wykonany ze stali, blat drewno + \u017cywica epoksydowa\"\n\t\t\t\tdata-src=\"https:\/\/www.grawerniak.pl\/wp-content\/gallery\/pozostale-realizacje\/PhotoRoom_20240131_213222.JPG\"\n\t\t\t\tdata-thumbnail=\"https:\/\/www.grawerniak.pl\/wp-content\/gallery\/pozostale-realizacje\/thumbs\/thumbs_PhotoRoom_20240131_213222.JPG\"\n\t\t\t\tdata-image-id=\"135\"\n\t\t\t\tdata-title=\"Stolik kawowy\"\n\t\t\t\tdata-description=\"Stolik kawowy wykonany ze stali, blat drewno + \u017cywica epoksydowa\"\n\t\t\t\tdata-image-slug=\"photoroom_20240131_213222\"\n\t\t\t\tclass=\"ngg-simplelightbox\" rel=\"056c19584c8e59da3dc60c228a3bf7bd\">\n\t\t\t\t<img\n\t\t\t\t\ttitle=\"Stolik kawowy\"\n\t\t\t\t\talt=\"Stolik kawowy\"\n\t\t\t\t\tsrc=\"https:\/\/www.grawerniak.pl\/wp-content\/gallery\/pozostale-realizacje\/thumbs\/thumbs_PhotoRoom_20240131_213222.JPG\"\n\t\t\t\t\twidth=\"240\"\n\t\t\t\t\theight=\"160\"\n\t\t\t\t\tstyle=\"max-width:100%;\"\n\t\t\t\t\/>\n\t\t\t<\/a>\n\t\t<\/div>\n\t\t\t\t\t\t\t<\/div> \n\t\t\t\n\t\t\t\t<div id=\"ngg-image-11\" class=\"ngg-gallery-thumbnail-box \n\t\t\t\t\t\t\t\t\t\t\t\" \n\t\t\t>\n\t\t\t\t\t\t<div class=\"ngg-gallery-thumbnail\">\n\t\t\t<a href=\"https:\/\/www.grawerniak.pl\/wp-content\/gallery\/pozostale-realizacje\/IMG_5119.jpg\"\n\t\t\t\ttitle=\"Stolik kawowy wykonany ze stali, blat drewno + \u017cywica epoksydowa\"\n\t\t\t\tdata-src=\"https:\/\/www.grawerniak.pl\/wp-content\/gallery\/pozostale-realizacje\/IMG_5119.jpg\"\n\t\t\t\tdata-thumbnail=\"https:\/\/www.grawerniak.pl\/wp-content\/gallery\/pozostale-realizacje\/thumbs\/thumbs_IMG_5119.jpg\"\n\t\t\t\tdata-image-id=\"150\"\n\t\t\t\tdata-title=\"Stolik kawowy\"\n\t\t\t\tdata-description=\"Stolik kawowy wykonany ze stali, blat drewno + \u017cywica epoksydowa\"\n\t\t\t\tdata-image-slug=\"img_5119\"\n\t\t\t\tclass=\"ngg-simplelightbox\" rel=\"056c19584c8e59da3dc60c228a3bf7bd\">\n\t\t\t\t<img\n\t\t\t\t\ttitle=\"Stolik kawowy\"\n\t\t\t\t\talt=\"Stolik kawowy\"\n\t\t\t\t\tsrc=\"https:\/\/www.grawerniak.pl\/wp-content\/gallery\/pozostale-realizacje\/thumbs\/thumbs_IMG_5119.jpg\"\n\t\t\t\t\twidth=\"240\"\n\t\t\t\t\theight=\"160\"\n\t\t\t\t\tstyle=\"max-width:100%;\"\n\t\t\t\t\/>\n\t\t\t<\/a>\n\t\t<\/div>\n\t\t\t\t\t\t\t<\/div> \n\t\t\t\n\t\t\t\t<div id=\"ngg-image-12\" class=\"ngg-gallery-thumbnail-box \n\t\t\t\t\t\t\t\t\t\t\t\" \n\t\t\t>\n\t\t\t\t\t\t<div class=\"ngg-gallery-thumbnail\">\n\t\t\t<a href=\"https:\/\/www.grawerniak.pl\/wp-content\/gallery\/pozostale-realizacje\/IMG_5120.jpg\"\n\t\t\t\ttitle=\"Stolik kawowy wykonany ze stali, blat drewno + \u017cywica epoksydowa\"\n\t\t\t\tdata-src=\"https:\/\/www.grawerniak.pl\/wp-content\/gallery\/pozostale-realizacje\/IMG_5120.jpg\"\n\t\t\t\tdata-thumbnail=\"https:\/\/www.grawerniak.pl\/wp-content\/gallery\/pozostale-realizacje\/thumbs\/thumbs_IMG_5120.jpg\"\n\t\t\t\tdata-image-id=\"151\"\n\t\t\t\tdata-title=\"Stolik kawowy\"\n\t\t\t\tdata-description=\"Stolik kawowy wykonany ze stali, blat drewno + \u017cywica epoksydowa\"\n\t\t\t\tdata-image-slug=\"img_5120\"\n\t\t\t\tclass=\"ngg-simplelightbox\" rel=\"056c19584c8e59da3dc60c228a3bf7bd\">\n\t\t\t\t<img\n\t\t\t\t\ttitle=\"Stolik kawowy\"\n\t\t\t\t\talt=\"Stolik kawowy\"\n\t\t\t\t\tsrc=\"https:\/\/www.grawerniak.pl\/wp-content\/gallery\/pozostale-realizacje\/thumbs\/thumbs_IMG_5120.jpg\"\n\t\t\t\t\twidth=\"240\"\n\t\t\t\t\theight=\"160\"\n\t\t\t\t\tstyle=\"max-width:100%;\"\n\t\t\t\t\/>\n\t\t\t<\/a>\n\t\t<\/div>\n\t\t\t\t\t\t\t<\/div> \n\t\t\t\n\t\t\t\t<div id=\"ngg-image-13\" class=\"ngg-gallery-thumbnail-box \n\t\t\t\t\t\t\t\t\t\t\t\" \n\t\t\t>\n\t\t\t\t\t\t<div class=\"ngg-gallery-thumbnail\">\n\t\t\t<a href=\"https:\/\/www.grawerniak.pl\/wp-content\/gallery\/pozostale-realizacje\/Photoroom_20250226_164230.JPG\"\n\t\t\t\ttitle=\"Stolik kawowy wykonany ze stali, blat z desek sosnowych klejony\"\n\t\t\t\tdata-src=\"https:\/\/www.grawerniak.pl\/wp-content\/gallery\/pozostale-realizacje\/Photoroom_20250226_164230.JPG\"\n\t\t\t\tdata-thumbnail=\"https:\/\/www.grawerniak.pl\/wp-content\/gallery\/pozostale-realizacje\/thumbs\/thumbs_Photoroom_20250226_164230.JPG\"\n\t\t\t\tdata-image-id=\"159\"\n\t\t\t\tdata-title=\"Stolik kawowy\"\n\t\t\t\tdata-description=\"Stolik kawowy wykonany ze stali, blat z desek sosnowych klejony\"\n\t\t\t\tdata-image-slug=\"photoroom_20250226_164230\"\n\t\t\t\tclass=\"ngg-simplelightbox\" rel=\"056c19584c8e59da3dc60c228a3bf7bd\">\n\t\t\t\t<img\n\t\t\t\t\ttitle=\"Stolik kawowy\"\n\t\t\t\t\talt=\"Stolik kawowy\"\n\t\t\t\t\tsrc=\"https:\/\/www.grawerniak.pl\/wp-content\/gallery\/pozostale-realizacje\/thumbs\/thumbs_Photoroom_20250226_164230.JPG\"\n\t\t\t\t\twidth=\"240\"\n\t\t\t\t\theight=\"160\"\n\t\t\t\t\tstyle=\"max-width:100%;\"\n\t\t\t\t\/>\n\t\t\t<\/a>\n\t\t<\/div>\n\t\t\t\t\t\t\t<\/div> \n\t\t\t\n\t\t\t\t<div id=\"ngg-image-14\" class=\"ngg-gallery-thumbnail-box \n\t\t\t\t\t\t\t\t\t\t\t\" \n\t\t\t>\n\t\t\t\t\t\t<div class=\"ngg-gallery-thumbnail\">\n\t\t\t<a href=\"https:\/\/www.grawerniak.pl\/wp-content\/gallery\/pozostale-realizacje\/Photoroom_20250226_164320.JPG\"\n\t\t\t\ttitle=\"Stolik kawowy wykonany ze stali, blat z desek sosnowych klejony\"\n\t\t\t\tdata-src=\"https:\/\/www.grawerniak.pl\/wp-content\/gallery\/pozostale-realizacje\/Photoroom_20250226_164320.JPG\"\n\t\t\t\tdata-thumbnail=\"https:\/\/www.grawerniak.pl\/wp-content\/gallery\/pozostale-realizacje\/thumbs\/thumbs_Photoroom_20250226_164320.JPG\"\n\t\t\t\tdata-image-id=\"160\"\n\t\t\t\tdata-title=\"Stolik kawowy\"\n\t\t\t\tdata-description=\"Stolik kawowy wykonany ze stali, blat z desek sosnowych klejony\"\n\t\t\t\tdata-image-slug=\"photoroom_20250226_164320\"\n\t\t\t\tclass=\"ngg-simplelightbox\" rel=\"056c19584c8e59da3dc60c228a3bf7bd\">\n\t\t\t\t<img\n\t\t\t\t\ttitle=\"Stolik kawowy\"\n\t\t\t\t\talt=\"Stolik kawowy\"\n\t\t\t\t\tsrc=\"https:\/\/www.grawerniak.pl\/wp-content\/gallery\/pozostale-realizacje\/thumbs\/thumbs_Photoroom_20250226_164320.JPG\"\n\t\t\t\t\twidth=\"240\"\n\t\t\t\t\theight=\"160\"\n\t\t\t\t\tstyle=\"max-width:100%;\"\n\t\t\t\t\/>\n\t\t\t<\/a>\n\t\t<\/div>\n\t\t\t\t\t\t\t<\/div> \n\t\t\t\n\t\t\t\t<div id=\"ngg-image-15\" class=\"ngg-gallery-thumbnail-box \n\t\t\t\t\t\t\t\t\t\t\t\" \n\t\t\t>\n\t\t\t\t\t\t<div class=\"ngg-gallery-thumbnail\">\n\t\t\t<a href=\"https:\/\/www.grawerniak.pl\/wp-content\/gallery\/pozostale-realizacje\/Photoroom_20250226_164401.JPG\"\n\t\t\t\ttitle=\"Stolik kawowy wykonany ze stali, blat z desek sosnowych klejony\"\n\t\t\t\tdata-src=\"https:\/\/www.grawerniak.pl\/wp-content\/gallery\/pozostale-realizacje\/Photoroom_20250226_164401.JPG\"\n\t\t\t\tdata-thumbnail=\"https:\/\/www.grawerniak.pl\/wp-content\/gallery\/pozostale-realizacje\/thumbs\/thumbs_Photoroom_20250226_164401.JPG\"\n\t\t\t\tdata-image-id=\"161\"\n\t\t\t\tdata-title=\"Stolik kawowy\"\n\t\t\t\tdata-description=\"Stolik kawowy wykonany ze stali, blat z desek sosnowych klejony\"\n\t\t\t\tdata-image-slug=\"photoroom_20250226_164401\"\n\t\t\t\tclass=\"ngg-simplelightbox\" rel=\"056c19584c8e59da3dc60c228a3bf7bd\">\n\t\t\t\t<img\n\t\t\t\t\ttitle=\"Stolik kawowy\"\n\t\t\t\t\talt=\"Stolik kawowy\"\n\t\t\t\t\tsrc=\"https:\/\/www.grawerniak.pl\/wp-content\/gallery\/pozostale-realizacje\/thumbs\/thumbs_Photoroom_20250226_164401.JPG\"\n\t\t\t\t\twidth=\"240\"\n\t\t\t\t\theight=\"160\"\n\t\t\t\t\tstyle=\"max-width:100%;\"\n\t\t\t\t\/>\n\t\t\t<\/a>\n\t\t<\/div>\n\t\t\t\t\t\t\t<\/div> \n\t\t\t\n\t\t\t\t<div id=\"ngg-image-16\" class=\"ngg-gallery-thumbnail-box \n\t\t\t\t\t\t\t\t\t\t\t\" \n\t\t\t>\n\t\t\t\t\t\t<div class=\"ngg-gallery-thumbnail\">\n\t\t\t<a href=\"https:\/\/www.grawerniak.pl\/wp-content\/gallery\/pozostale-realizacje\/k2.jpg\"\n\t\t\t\ttitle=\"Taboret z \u0142a\u0144cucha z siedzeniem wykonanym z sosny + \u017cywica epoksydowa\"\n\t\t\t\tdata-src=\"https:\/\/www.grawerniak.pl\/wp-content\/gallery\/pozostale-realizacje\/k2.jpg\"\n\t\t\t\tdata-thumbnail=\"https:\/\/www.grawerniak.pl\/wp-content\/gallery\/pozostale-realizacje\/thumbs\/thumbs_k2.jpg\"\n\t\t\t\tdata-image-id=\"120\"\n\t\t\t\tdata-title=\"Taboret z \u0142a\u0144cucha\"\n\t\t\t\tdata-description=\"Taboret z \u0142a\u0144cucha z siedzeniem wykonanym z sosny + \u017cywica epoksydowa\"\n\t\t\t\tdata-image-slug=\"k2-1\"\n\t\t\t\tclass=\"ngg-simplelightbox\" rel=\"056c19584c8e59da3dc60c228a3bf7bd\">\n\t\t\t\t<img\n\t\t\t\t\ttitle=\"Taboret z \u0142a\u0144cucha\"\n\t\t\t\t\talt=\"Taboret z \u0142a\u0144cucha\"\n\t\t\t\t\tsrc=\"https:\/\/www.grawerniak.pl\/wp-content\/gallery\/pozostale-realizacje\/thumbs\/thumbs_k2.jpg\"\n\t\t\t\t\twidth=\"240\"\n\t\t\t\t\theight=\"160\"\n\t\t\t\t\tstyle=\"max-width:100%;\"\n\t\t\t\t\/>\n\t\t\t<\/a>\n\t\t<\/div>\n\t\t\t\t\t\t\t<\/div> \n\t\t\t\n\t\t\t\t<div id=\"ngg-image-17\" class=\"ngg-gallery-thumbnail-box \n\t\t\t\t\t\t\t\t\t\t\t\" \n\t\t\t>\n\t\t\t\t\t\t<div class=\"ngg-gallery-thumbnail\">\n\t\t\t<a href=\"https:\/\/www.grawerniak.pl\/wp-content\/gallery\/pozostale-realizacje\/k3.jpg\"\n\t\t\t\ttitle=\"Taboret z \u0142a\u0144cucha z siedzeniem wykonanym z sosny + \u017cywica epoksydowa\"\n\t\t\t\tdata-src=\"https:\/\/www.grawerniak.pl\/wp-content\/gallery\/pozostale-realizacje\/k3.jpg\"\n\t\t\t\tdata-thumbnail=\"https:\/\/www.grawerniak.pl\/wp-content\/gallery\/pozostale-realizacje\/thumbs\/thumbs_k3.jpg\"\n\t\t\t\tdata-image-id=\"122\"\n\t\t\t\tdata-title=\"Taboret z \u0142a\u0144cucha\"\n\t\t\t\tdata-description=\"Taboret z \u0142a\u0144cucha z siedzeniem wykonanym z sosny + \u017cywica epoksydowa\"\n\t\t\t\tdata-image-slug=\"k3-1\"\n\t\t\t\tclass=\"ngg-simplelightbox\" rel=\"056c19584c8e59da3dc60c228a3bf7bd\">\n\t\t\t\t<img\n\t\t\t\t\ttitle=\"Taboret z \u0142a\u0144cucha\"\n\t\t\t\t\talt=\"Taboret z \u0142a\u0144cucha\"\n\t\t\t\t\tsrc=\"https:\/\/www.grawerniak.pl\/wp-content\/gallery\/pozostale-realizacje\/thumbs\/thumbs_k3.jpg\"\n\t\t\t\t\twidth=\"240\"\n\t\t\t\t\theight=\"160\"\n\t\t\t\t\tstyle=\"max-width:100%;\"\n\t\t\t\t\/>\n\t\t\t<\/a>\n\t\t<\/div>\n\t\t\t\t\t\t\t<\/div> \n\t\t\t\n\t\t\t\t<div id=\"ngg-image-18\" class=\"ngg-gallery-thumbnail-box \n\t\t\t\t\t\t\t\t\t\t\t\" \n\t\t\t>\n\t\t\t\t\t\t<div class=\"ngg-gallery-thumbnail\">\n\t\t\t<a href=\"https:\/\/www.grawerniak.pl\/wp-content\/gallery\/pozostale-realizacje\/IMG_8137.jpg\"\n\t\t\t\ttitle=\"Zegar z mchem chrobotkiem WO\u015aP\"\n\t\t\t\tdata-src=\"https:\/\/www.grawerniak.pl\/wp-content\/gallery\/pozostale-realizacje\/IMG_8137.jpg\"\n\t\t\t\tdata-thumbnail=\"https:\/\/www.grawerniak.pl\/wp-content\/gallery\/pozostale-realizacje\/thumbs\/thumbs_IMG_8137.jpg\"\n\t\t\t\tdata-image-id=\"154\"\n\t\t\t\tdata-title=\"Zegar z mchem chrobotkiem WO\u015aP\"\n\t\t\t\tdata-description=\"Zegar z mchem chrobotkiem WO\u015aP\"\n\t\t\t\tdata-image-slug=\"img_8137\"\n\t\t\t\tclass=\"ngg-simplelightbox\" rel=\"056c19584c8e59da3dc60c228a3bf7bd\">\n\t\t\t\t<img\n\t\t\t\t\ttitle=\"Zegar z mchem chrobotkiem WO\u015aP\"\n\t\t\t\t\talt=\"Zegar z mchem chrobotkiem WO\u015aP\"\n\t\t\t\t\tsrc=\"https:\/\/www.grawerniak.pl\/wp-content\/gallery\/pozostale-realizacje\/thumbs\/thumbs_IMG_8137.jpg\"\n\t\t\t\t\twidth=\"240\"\n\t\t\t\t\theight=\"160\"\n\t\t\t\t\tstyle=\"max-width:100%;\"\n\t\t\t\t\/>\n\t\t\t<\/a>\n\t\t<\/div>\n\t\t\t\t\t\t\t<\/div> \n\t\t\t\n\t\t\t\t<div id=\"ngg-image-19\" class=\"ngg-gallery-thumbnail-box \n\t\t\t\t\t\t\t\t\t\t\t\" \n\t\t\t>\n\t\t\t\t\t\t<div class=\"ngg-gallery-thumbnail\">\n\t\t\t<a href=\"https:\/\/www.grawerniak.pl\/wp-content\/gallery\/pozostale-realizacje\/IMG_8135.jpg\"\n\t\t\t\ttitle=\"Zegar z mchem chrobotkiem WO\u015aP\"\n\t\t\t\tdata-src=\"https:\/\/www.grawerniak.pl\/wp-content\/gallery\/pozostale-realizacje\/IMG_8135.jpg\"\n\t\t\t\tdata-thumbnail=\"https:\/\/www.grawerniak.pl\/wp-content\/gallery\/pozostale-realizacje\/thumbs\/thumbs_IMG_8135.jpg\"\n\t\t\t\tdata-image-id=\"155\"\n\t\t\t\tdata-title=\"Zegar z mchem chrobotkiem WO\u015aP\"\n\t\t\t\tdata-description=\"Zegar z mchem chrobotkiem WO\u015aP\"\n\t\t\t\tdata-image-slug=\"img_8135\"\n\t\t\t\tclass=\"ngg-simplelightbox\" rel=\"056c19584c8e59da3dc60c228a3bf7bd\">\n\t\t\t\t<img\n\t\t\t\t\ttitle=\"Zegar z mchem chrobotkiem WO\u015aP\"\n\t\t\t\t\talt=\"Zegar z mchem chrobotkiem WO\u015aP\"\n\t\t\t\t\tsrc=\"https:\/\/www.grawerniak.pl\/wp-content\/gallery\/pozostale-realizacje\/thumbs\/thumbs_IMG_8135.jpg\"\n\t\t\t\t\twidth=\"240\"\n\t\t\t\t\theight=\"160\"\n\t\t\t\t\tstyle=\"max-width:100%;\"\n\t\t\t\t\/>\n\t\t\t<\/a>\n\t\t<\/div>\n\t\t\t\t\t\t\t<\/div> \n\t\t\t\n\t\n\t<br style=\"clear: both\" \/>\n\n\t\n\t\t<!-- Pagination -->\n\t\t<div class='ngg-clear'><\/div>\t<\/div>\n\n","protected":false},"excerpt":{"rendered":"","protected":false},"author":1,"featured_media":0,"parent":0,"menu_order":0,"comment_status":"closed","ping_status":"closed","template":"template-fullwidth.php","meta":{"ngg_post_thumbnail":0,"footnotes":""},"_links":{"self":[{"href":"https:\/\/www.grawerniak.pl\/index.php\/wp-json\/wp\/v2\/pages\/332"}],"collection":[{"href":"https:\/\/www.grawerniak.pl\/index.php\/wp-json\/wp\/v2\/pages"}],"about":[{"href":"https:\/\/www.grawerniak.pl\/index.php\/wp-json\/wp\/v2\/types\/page"}],"author":[{"embeddable":true,"href":"https:\/\/www.grawerniak.pl\/index.php\/wp-json\/wp\/v2\/users\/1"}],"replies":[{"embeddable":true,"href":"https:\/\/www.grawerniak.pl\/index.php\/wp-json\/wp\/v2\/comments?post=332"}],"version-history":[{"count":4,"href":"https:\/\/www.grawerniak.pl\/index.php\/wp-json\/wp\/v2\/pages\/332\/revisions"}],"predecessor-version":[{"id":345,"href":"https:\/\/www.grawerniak.pl\/index.php\/wp-json\/wp\/v2\/pages\/332\/revisions\/345"}],"wp:attachment":[{"href":"https:\/\/www.grawerniak.pl\/index.php\/wp-json\/wp\/v2\/media?parent=332"}],"curies":[{"name":"wp","href":"https:\/\/api.w.org\/{rel}","templated":true}]}}